{"id":3870,"date":"2020-05-14T16:14:56","date_gmt":"2020-05-14T14:14:56","guid":{"rendered":"https:\/\/www.corraldelamoreria.com\/tickets"},"modified":"2020-10-29T12:39:31","modified_gmt":"2020-10-29T11:39:31","slug":"tickets","status":"publish","type":"page","link":"https:\/\/www.corraldelamoreria.com\/de\/tickets\/","title":{"rendered":"Tickets"},"content":{"rendered":"<p>[et_pb_section fb_built=&#8220;1&#8243; admin_label=&#8220;DISFRUTA DEL MEJOR ESPECT\u00c1CULO FLAMENCO: TICKETS EN MADRID<br \/>\n&#8220; module_class=&#8220;entradas-texto&#8220; _builder_version=&#8220;3.26.5&#8243; background_enable_image=&#8220;off&#8220; background_last_edited=&#8220;on|phone&#8220; background_image_phone=&#8220;https:\/\/www.corraldelamoreria.com\/wp-content\/uploads\/2019\/10\/quienes_1_mov.jpg&#8220; background_enable_image_phone=&#8220;on&#8220; collapsed=&#8220;off&#8220;][et_pb_row _builder_version=&#8220;3.26.5&#8243;][et_pb_column type=&#8220;4_4&#8243; _builder_version=&#8220;3.26.5&#8243;][et_pb_text _builder_version=&#8220;3.27.4&#8243;]<\/p>\n<h1> GENIESSEN SIE DIE BESTE FLAMENCO-SHOW: TICKETS IN MADRID <\/h1>\n<p>Auf dieser Seite k\u00f6nnen Sie Tickets kaufen, um ein weltweit einzigartiges Erlebnis zu erleben. Besuchen Sie den legend\u00e4ren Corral de la Morer\u00eda. Es ist das Tablao, an dem die gro\u00dfen Stars des Kinos, der Musik, der k\u00f6niglichen Familien und der Regierungspr\u00e4sidenten vorbeigekommen sind.<\/p>\n<p>Hier lernen Sie das Beste der Flamenco-Show kennen. Tickets in Madrid? Wenn Sie sich fragen, wo Sie sie bekommen k\u00f6nnen, sind Sie an den Ort gekommen, um Ihren Platz zu reservieren.[\/et_pb_text][\/et_pb_column][\/et_pb_row][\/et_pb_section][et_pb_section fb_built=&#8220;1&#8243; module_class=&#8220;entradas-texto&#8220; _builder_version=&#8220;3.26.5&#8243; background_color=&#8220;#0D0C0C&#8220; collapsed=&#8220;off&#8220;][et_pb_row _builder_version=&#8220;3.26.5&#8243;][et_pb_column type=&#8220;4_4&#8243; _builder_version=&#8220;3.26.5&#8243;][et_pb_text admin_label=&#8220;Texto&#8220; _builder_version=&#8220;4.3.4&#8243; text_text_color=&#8220;#ffffff&#8220;]<strong> Blanca del Rey <\/strong>, <i> Goldmedaille f\u00fcr Bildende Kunst <\/i>, verliehen von K\u00f6nig Felipe VI., ist unser k\u00fcnstlerischer Leiter. Besuchen Sie im Laufe des Jahres die besten Flamenco-Festivals der Welt. Von Nimes (Frankreich) nach Jerez, Nimes, Pamplona, \u200b\u200bSevilla oder C\u00f3rdoba.<\/p>\n<p>Und alles, um die wichtigsten Talente des Augenblicks zu entdecken. Eine sorgf\u00e4ltige Auswahl f\u00fcr Programme auf den historischen Tischen von <i> Corral de la Morer\u00eda <\/i>, dem besten Flamenco.<\/p>\n<p>Es ist \u00fcblich, jeden Abend <i> National Dance Awards <\/i> zu finden, K\u00fcnstler, die die gro\u00dfen internationalen B\u00fchnen ohne Theaterbarriere erobert haben. Von Angesicht zu Angesicht in einem intimen Kontext, der es ihm erm\u00f6glicht hat, vom renommierten internationalen Flamenco-Gesangsfestival von Las Minas de La Uni\u00f3n als <strong> bester Flamenco-Tablao der Welt <\/strong> ausgezeichnet zu werden.<\/p>\n<p>Entdecken Sie Flamenco-Kunst! Tickets in Madrid und nach vorheriger Reservierung hier.[\/et_pb_text][\/et_pb_column][\/et_pb_row][\/et_pb_section][et_pb_section fb_built=&#8220;1&#8243; admin_label=&#8220;FLAMENCO TICKETS PARA UNA EXPERIENCIA INOLVIDABLE<br \/>\n&#8220; module_class=&#8220;entradas-texto&#8220; _builder_version=&#8220;3.26.5&#8243; background_enable_image=&#8220;off&#8220; background_last_edited=&#8220;on|phone&#8220; background_image_phone=&#8220;https:\/\/www.corraldelamoreria.com\/wp-content\/uploads\/2019\/10\/quienes_1_mov.jpg&#8220; background_enable_image_phone=&#8220;on&#8220; collapsed=&#8220;off&#8220;][et_pb_row _builder_version=&#8220;3.26.5&#8243;][et_pb_column type=&#8220;4_4&#8243; _builder_version=&#8220;3.26.5&#8243;][et_pb_text _builder_version=&#8220;3.27.4&#8243;]<\/p>\n<h2>FLAMENCO-TICKETS F\u00dcR EINE UNVERGESSLICHE ERFAHRUNG<\/h2>\n<p><i> Corral de la Morer\u00eda <\/i> ist das einzige Flamenco-Tablao in Spanien, das:<\/p>\n<ul>\n<li>Er hat den <strong> <i> Award f\u00fcr das beste Flamenco-Tablao der Welt erhalten <\/i> <\/strong>.<\/li>\n<li>Er wird von der Fachpresse als der <strong> <i> beste Tablao <\/i> <\/strong> <strong> <i> Flamenco der Welt <\/i> <\/strong> angesehen.<\/li>\n<li>Weil es der \u00e4lteste und ber\u00fchmteste Tablao-Flamenco der Welt ist.<\/li>\n<li>Ausgew\u00e4hlt im Buch &#8222;<i> 1000 Orte, die vor dem Tod zu sehen sind <\/i>&#8220; Nr. 1 der New York Times.<\/li>\n<li>Das einzige Flamenco-Tablao, das f\u00fcr seine gastronomische Exzellenz mit \u201e<i> Un Sol Repsol <\/i>\u201c ausgezeichnet wurde.<\/li>\n<li>Es hat das beste Flamenco-Programm in Spanien mit <strong> <i> National Awards and Winners <\/i> <\/strong> von den wichtigsten Festivals, die sich jede Woche \u00e4ndern.<\/li>\n<li>Sein Besitzer und k\u00fcnstlerischer Leiter, <strong> Blanca del Rey <\/strong>, ist einer der wichtigsten Choreografen und T\u00e4nzer in der Geschichte des Flamenco.<\/li>\n<li>Ihr K\u00fcchenchef, <strong> David Garc\u00eda <\/strong>, hat einen <i> Michelin-Stern erhalten. <\/i> <i> <\/i><\/li>\n<\/ul>\n<p>[\/et_pb_text][\/et_pb_column][\/et_pb_row][et_pb_row _builder_version=&#8220;3.26.5&#8243;][et_pb_column type=&#8220;4_4&#8243; _builder_version=&#8220;3.26.5&#8243;][et_pb_text _builder_version=&#8220;3.27.4&#8243;]Sowohl <i> Corral de la Morer\u00eda <\/i> als auch <strong> Blanca del Rey <\/strong> haben in den letzten Jahren die folgenden Auszeichnungen erhalten:<\/p>\n<ul>\n<li> <i> Preis f\u00fcr das beste Flamenco-Tablao der Welt <\/i> <\/li>\n<li> <i> Nationaler Flamenco-Preis <\/i> <\/li>\n<\/ul>\n<li> <i> Goldmedaille f\u00fcr bildende K\u00fcnste (verliehen von ihren Majest\u00e4ten, den K\u00f6nigen von Spanien) <\/i> <\/li>\n<li> <i> Preis der Stadt Madrid (vom B\u00fcrgermeister von Madrid verliehen) <\/i> <\/li>\n<li> <i> Ehrenpreis des Nationalen Flamenco-Wettbewerbs <\/i> <\/li>\n<\/ul>\n<p>[\/et_pb_text][\/et_pb_column][\/et_pb_row][\/et_pb_section][et_pb_section fb_built=&#8220;1&#8243; admin_label=&#8220;\u201cAhora t\u00fa puedes vivirlo en primera persona. Adem\u00e1s, detr\u00e1s de este gran \u00e9xito se haya la pasi\u00f3n de una empresa familiar.\u201d&#8220; module_class=&#8220;entradas-texto&#8220; _builder_version=&#8220;3.26.5&#8243; background_color=&#8220;#0D0C0C&#8220;][et_pb_row _builder_version=&#8220;3.26.5&#8243; max_width=&#8220;700px&#8220;][et_pb_column type=&#8220;4_4&#8243; _builder_version=&#8220;3.26.5&#8243;][et_pb_text admin_label=&#8220;Texto&#8220; _builder_version=&#8220;3.27.4&#8243; text_orientation=&#8220;center&#8220; background_layout=&#8220;dark&#8220; text_text_align=&#8220;center&#8220;]<\/p>\n<p style=\"text-align: center;\">&#8222;<b><i>Jetzt k\u00f6nnen Sie es in der ersten Person erleben. Dar\u00fcber hinaus steht hinter diesem gro\u00dfen Erfolg die Leidenschaft eines Familienunternehmens. \u201c<\/i><\/b><\/p>\n<p>[\/et_pb_text][\/et_pb_column][\/et_pb_row][\/et_pb_section][et_pb_section fb_built=&#8220;1&#8243; admin_label=&#8220;H3. \u00bfPor qu\u00e9 no debes perderte una noche en el Corral de la Morer\u00eda?&#8220; module_class=&#8220;entradas-texto&#8220; _builder_version=&#8220;3.26.5&#8243; background_enable_image=&#8220;off&#8220; background_last_edited=&#8220;on|phone&#8220; background_image_phone=&#8220;https:\/\/www.corraldelamoreria.com\/wp-content\/uploads\/2019\/10\/quienes_1_mov.jpg&#8220; background_enable_image_phone=&#8220;on&#8220; collapsed=&#8220;off&#8220;][et_pb_row _builder_version=&#8220;3.26.5&#8243;][et_pb_column type=&#8220;4_4&#8243; _builder_version=&#8220;3.26.5&#8243;][et_pb_text _builder_version=&#8220;3.27.4&#8243;]<\/p>\n<h3> <strong> <i> Warum sollten Sie keine Nacht im Corral de la Morer\u00eda verpassen? <\/i> <\/strong> <\/h3>\n<p>In diesen mehr als 60 Lebensjahren wurde <i> Corral de la Morer\u00eda <\/i> international projiziert und verbreitet den besten Flamenco unter Hunderttausenden von Menschen aus der ganzen Welt. Dank der einzigartigen Figur von <strong> Manuel del Rey <\/strong>, dem Gr\u00fcnder der Tablao, hat das Unternehmen seinen Familiengeist bewahrt.<\/p>\n<p>Er stammte aus einer Familie, die sich der Haute Cuisine widmete und zu dieser Zeit das ber\u00fchmte Restaurant Riscal leitete. Er entschloss sich, den Sprung zu wagen und sein eigenes Unternehmen zu gr\u00fcnden. Er entwickelte die erfolgreiche Formel, den besten Flamenco mit einem High-End-Restaurant in einem einzigen Erlebnis zu kombinieren. Spektrum.<\/p>\n<p>Heute sind es ihre S\u00f6hne Juan Manuel und Armando, die f\u00fcr die Leitung der emblematischen Institution verantwortlich sind, die in den letzten Jahren in einen tiefgreifenden Erneuerungsprozess getaucht ist, der sie an vorderster Front h\u00e4lt und gleichzeitig die Essenz intakt h\u00e4lt, die <i> Corral de la ausmacht Morer\u00eda <\/i>.[\/et_pb_text][\/et_pb_column][\/et_pb_row][\/et_pb_section][et_pb_section fb_built=&#8220;1&#8243; admin_label=&#8220;\u201cSi algo caracteriza la importante renovaci\u00f3n de Corral de la Morer\u00eda, es sin duda su propuesta gastron\u00f3mica.\u201d&#8220; module_class=&#8220;entradas-texto&#8220; _builder_version=&#8220;3.26.5&#8243; background_color=&#8220;#0D0C0C&#8220;][et_pb_row _builder_version=&#8220;3.26.5&#8243; max_width=&#8220;700px&#8220;][et_pb_column type=&#8220;4_4&#8243; _builder_version=&#8220;3.26.5&#8243;][et_pb_text admin_label=&#8220;Texto&#8220; _builder_version=&#8220;3.27.4&#8243; text_orientation=&#8220;center&#8220; background_layout=&#8220;dark&#8220; text_text_align=&#8220;center&#8220;]<\/p>\n<p style=\"text-align: center;\"> <em><strong>&#8222;Wenn etwas die wichtige Renovierung von Corral de la Morer\u00eda kennzeichnet, ist es zweifellos sein gastronomischer Vorschlag.&#8220;<\/strong><\/em><\/p>\n<p>[\/et_pb_text][\/et_pb_column][\/et_pb_row][\/et_pb_section][et_pb_section fb_built=&#8220;1&#8243; module_class=&#8220;entradas-texto&#8220; _builder_version=&#8220;3.26.5&#8243; background_enable_image=&#8220;off&#8220; background_last_edited=&#8220;on|phone&#8220; background_image_phone=&#8220;https:\/\/www.corraldelamoreria.com\/wp-content\/uploads\/2019\/10\/quienes_1_mov.jpg&#8220; background_enable_image_phone=&#8220;on&#8220; collapsed=&#8220;off&#8220;][et_pb_row _builder_version=&#8220;3.26.5&#8243;][et_pb_column type=&#8220;4_4&#8243; _builder_version=&#8220;3.26.5&#8243;][et_pb_text _builder_version=&#8220;3.27.4&#8243;]In den letzten Jahren wurde das Tablao von renommierten K\u00f6chen wie <strong> <i> Jos\u00e9 Luis Estevan <\/i> <\/strong> <i> -Lgrimas Negras-, <\/i> <beraten und zusammengearbeitet starker> <i> Salvador Brugu\u00e9s <\/i> <\/strong> <i> -Welt-Experte f\u00fcr Vakuumkochen- und Konditor <\/i> <strong> <i> Jordi Puigvert <\/i> <\/strong> <i> -Les Cols, Alchemy-, <\/i> die den Brief aktualisiert und bereichert haben.<\/p>\n<p>Dieser heutige Evolutionsprozess erreicht seinen H\u00f6hepunkt mit zwei herausragenden Meilensteinen; die Unterzeichnung von <strong> David Garc\u00eda <\/strong> als K\u00fcchenchef und die Er\u00f6ffnung des Restaurants Corral de la Morer\u00eda.<\/p>\n<p><strong> David Garc\u00eda <\/strong> ist ein ausgesprochener Verfechter des Bio-Gartens, des kontrollierten Anbaus und der guten Rohstoffe. Seine K\u00fcche mit baskischen Wurzeln zeichnet sich durch Br\u00fchen, Zutaten und S\u00e4fte aus, die aus hochwertigen Naturprodukten hergestellt werden.<\/p>\n<p>Der in Bilbao geborene Koch hat eine Leidenschaft f\u00fcr das Kochen, t\u00e4towiert auf seiner DNA. Er war noch nicht einmal 18 Jahre alt geworden, als er im Familienrestaurant Thames das Handwerk des Ofens lernte. Sp\u00e4ter absolvierte er die Eide Hotel School in Santurce und trainierte deshalb bei gro\u00dfen K\u00f6chen wie Mart\u00edn Berasategui.<\/p>\n<p>Er machte auch eine B\u00fchne in El Bulli und lebte in den letzten Jahren, bevor er nach Madrid zog, in Ner\u00faa, dem Restaurant im Guggenheim-Museum in Bilbao. 2014 erhielt er einen Michelin-Stern als K\u00fcchenchef im Restaurant \u00c1lbora.<\/p>\n<p>Dar\u00fcber hinaus ist der Corral f\u00fcr das Men\u00fc des Tablao-Restaurants sowie f\u00fcr die Erstellung der vom Gast-Restaurant angebotenen Degustationsmen\u00fcs verantwortlich<\/p>\n<p>Ben\u00f6tigen Sie weitere Gr\u00fcnde? Sichern Sie sich jetzt Ihre Tickets f\u00fcr die beste Flamenco-Show![\/et_pb_text][\/et_pb_column][\/et_pb_row][\/et_pb_section]<\/p>\n","protected":false},"excerpt":{"rendered":"<p>GENIESSEN SIE DIE BESTE FLAMENCO-SHOW: TICKETS IN MADRID Auf dieser Seite k\u00f6nnen Sie Tickets kaufen, um ein weltweit einzigartiges Erlebnis zu erleben. Besuchen Sie den legend\u00e4ren Corral de la Morer\u00eda. Es ist das Tablao, an dem die gro\u00dfen Stars des Kinos, der Musik, der k\u00f6niglichen Familien und der Regierungspr\u00e4sidenten vorbeigekommen sind. Hier lernen Sie das [&hellip;]<\/p>\n","protected":false},"author":1,"featured_media":0,"parent":0,"menu_order":0,"comment_status":"closed","ping_status":"closed","template":"p_reservas.php","meta":{"_acf_changed":false,"_et_pb_use_builder":"on","_et_pb_old_content":"","_et_gb_content_width":"","footnotes":""},"class_list":["post-3870","page","type-page","status-publish","hentry"],"acf":[],"yoast_head":"<!-- This site is optimized with the Yoast SEO plugin v27.2 - https:\/\/yoast.com\/product\/yoast-seo-wordpress\/ -->\n<title>Flamenco-Tickets f\u00fcr das beste Tablao der Welt<\/title>\n<meta name=\"description\" content=\"Die beste Flamenco-Show. Tickets hier, um eine magische Nacht im prestigetr\u00e4chtigsten Tablao der Geschichte zu genie\u00dfen.\" \/>\n<meta name=\"robots\" content=\"index, follow, max-snippet:-1, max-image-preview:large, max-video-preview:-1\" \/>\n<link rel=\"canonical\" href=\"https:\/\/www.corraldelamoreria.com\/de\/tickets\/\" \/>\n<meta property=\"og:locale\" content=\"de_DE\" \/>\n<meta property=\"og:type\" content=\"article\" \/>\n<meta property=\"og:title\" content=\"Flamenco-Tickets f\u00fcr das beste Tablao der Welt\" \/>\n<meta property=\"og:description\" content=\"Die beste Flamenco-Show. Tickets hier, um eine magische Nacht im prestigetr\u00e4chtigsten Tablao der Geschichte zu genie\u00dfen.\" \/>\n<meta property=\"og:url\" content=\"https:\/\/www.corraldelamoreria.com\/de\/tickets\/\" \/>\n<meta property=\"og:site_name\" content=\"Corral de la moreria\" \/>\n<meta property=\"article:modified_time\" content=\"2020-10-29T11:39:31+00:00\" \/>\n<meta name=\"twitter:card\" content=\"summary_large_image\" \/>\n<meta name=\"twitter:label1\" content=\"Gesch\u00e4tzte Lesezeit\" \/>\n\t<meta name=\"twitter:data1\" content=\"7\u00a0Minuten\" \/>\n<script type=\"application\/ld+json\" class=\"yoast-schema-graph\">{\"@context\":\"https:\/\/schema.org\",\"@graph\":[{\"@type\":\"WebPage\",\"@id\":\"https:\/\/www.corraldelamoreria.com\/de\/tickets\/\",\"url\":\"https:\/\/www.corraldelamoreria.com\/de\/tickets\/\",\"name\":\"Flamenco-Tickets f\u00fcr das beste Tablao der Welt\",\"isPartOf\":{\"@id\":\"https:\/\/www.corraldelamoreria.com\/#website\"},\"datePublished\":\"2020-05-14T14:14:56+00:00\",\"dateModified\":\"2020-10-29T11:39:31+00:00\",\"description\":\"Die beste Flamenco-Show. Tickets hier, um eine magische Nacht im prestigetr\u00e4chtigsten Tablao der Geschichte zu genie\u00dfen.\",\"breadcrumb\":{\"@id\":\"https:\/\/www.corraldelamoreria.com\/de\/tickets\/#breadcrumb\"},\"inLanguage\":\"de\",\"potentialAction\":[{\"@type\":\"ReadAction\",\"target\":[\"https:\/\/www.corraldelamoreria.com\/de\/tickets\/\"]}]},{\"@type\":\"BreadcrumbList\",\"@id\":\"https:\/\/www.corraldelamoreria.com\/de\/tickets\/#breadcrumb\",\"itemListElement\":[{\"@type\":\"ListItem\",\"position\":1,\"name\":\"Portada\",\"item\":\"https:\/\/www.corraldelamoreria.com\/de\/\"},{\"@type\":\"ListItem\",\"position\":2,\"name\":\"Tickets\"}]},{\"@type\":\"WebSite\",\"@id\":\"https:\/\/www.corraldelamoreria.com\/#website\",\"url\":\"https:\/\/www.corraldelamoreria.com\/\",\"name\":\"Corral de la moreria\",\"description\":\"El Tablao Flamenco m\u00e1s famoso del mundo\",\"potentialAction\":[{\"@type\":\"SearchAction\",\"target\":{\"@type\":\"EntryPoint\",\"urlTemplate\":\"https:\/\/www.corraldelamoreria.com\/?s={search_term_string}\"},\"query-input\":{\"@type\":\"PropertyValueSpecification\",\"valueRequired\":true,\"valueName\":\"search_term_string\"}}],\"inLanguage\":\"de\"}]}<\/script>\n<!-- \/ Yoast SEO plugin. -->","yoast_head_json":{"title":"Flamenco-Tickets f\u00fcr das beste Tablao der Welt","description":"Die beste Flamenco-Show. Tickets hier, um eine magische Nacht im prestigetr\u00e4chtigsten Tablao der Geschichte zu genie\u00dfen.","robots":{"index":"index","follow":"follow","max-snippet":"max-snippet:-1","max-image-preview":"max-image-preview:large","max-video-preview":"max-video-preview:-1"},"canonical":"https:\/\/www.corraldelamoreria.com\/de\/tickets\/","og_locale":"de_DE","og_type":"article","og_title":"Flamenco-Tickets f\u00fcr das beste Tablao der Welt","og_description":"Die beste Flamenco-Show. Tickets hier, um eine magische Nacht im prestigetr\u00e4chtigsten Tablao der Geschichte zu genie\u00dfen.","og_url":"https:\/\/www.corraldelamoreria.com\/de\/tickets\/","og_site_name":"Corral de la moreria","article_modified_time":"2020-10-29T11:39:31+00:00","twitter_card":"summary_large_image","twitter_misc":{"Gesch\u00e4tzte Lesezeit":"7\u00a0Minuten"},"schema":{"@context":"https:\/\/schema.org","@graph":[{"@type":"WebPage","@id":"https:\/\/www.corraldelamoreria.com\/de\/tickets\/","url":"https:\/\/www.corraldelamoreria.com\/de\/tickets\/","name":"Flamenco-Tickets f\u00fcr das beste Tablao der Welt","isPartOf":{"@id":"https:\/\/www.corraldelamoreria.com\/#website"},"datePublished":"2020-05-14T14:14:56+00:00","dateModified":"2020-10-29T11:39:31+00:00","description":"Die beste Flamenco-Show. Tickets hier, um eine magische Nacht im prestigetr\u00e4chtigsten Tablao der Geschichte zu genie\u00dfen.","breadcrumb":{"@id":"https:\/\/www.corraldelamoreria.com\/de\/tickets\/#breadcrumb"},"inLanguage":"de","potentialAction":[{"@type":"ReadAction","target":["https:\/\/www.corraldelamoreria.com\/de\/tickets\/"]}]},{"@type":"BreadcrumbList","@id":"https:\/\/www.corraldelamoreria.com\/de\/tickets\/#breadcrumb","itemListElement":[{"@type":"ListItem","position":1,"name":"Portada","item":"https:\/\/www.corraldelamoreria.com\/de\/"},{"@type":"ListItem","position":2,"name":"Tickets"}]},{"@type":"WebSite","@id":"https:\/\/www.corraldelamoreria.com\/#website","url":"https:\/\/www.corraldelamoreria.com\/","name":"Corral de la moreria","description":"El Tablao Flamenco m\u00e1s famoso del mundo","potentialAction":[{"@type":"SearchAction","target":{"@type":"EntryPoint","urlTemplate":"https:\/\/www.corraldelamoreria.com\/?s={search_term_string}"},"query-input":{"@type":"PropertyValueSpecification","valueRequired":true,"valueName":"search_term_string"}}],"inLanguage":"de"}]}},"_links":{"self":[{"href":"https:\/\/www.corraldelamoreria.com\/de\/wp-json\/wp\/v2\/pages\/3870","targetHints":{"allow":["GET"]}}],"collection":[{"href":"https:\/\/www.corraldelamoreria.com\/de\/wp-json\/wp\/v2\/pages"}],"about":[{"href":"https:\/\/www.corraldelamoreria.com\/de\/wp-json\/wp\/v2\/types\/page"}],"author":[{"embeddable":true,"href":"https:\/\/www.corraldelamoreria.com\/de\/wp-json\/wp\/v2\/users\/1"}],"replies":[{"embeddable":true,"href":"https:\/\/www.corraldelamoreria.com\/de\/wp-json\/wp\/v2\/comments?post=3870"}],"version-history":[{"count":1,"href":"https:\/\/www.corraldelamoreria.com\/de\/wp-json\/wp\/v2\/pages\/3870\/revisions"}],"predecessor-version":[{"id":3871,"href":"https:\/\/www.corraldelamoreria.com\/de\/wp-json\/wp\/v2\/pages\/3870\/revisions\/3871"}],"wp:attachment":[{"href":"https:\/\/www.corraldelamoreria.com\/de\/wp-json\/wp\/v2\/media?parent=3870"}],"curies":[{"name":"wp","href":"https:\/\/api.w.org\/{rel}","templated":true}]}}