{"id":3868,"date":"2020-05-14T15:53:29","date_gmt":"2020-05-14T13:53:29","guid":{"rendered":"https:\/\/www.corraldelamoreria.com\/billets"},"modified":"2020-05-14T15:53:30","modified_gmt":"2020-05-14T13:53:30","slug":"billets","status":"publish","type":"page","link":"https:\/\/www.corraldelamoreria.com\/fr\/billets\/","title":{"rendered":"Billets"},"content":{"rendered":"<p>[et_pb_section fb_built=\u00a0\u00bb1&Prime; admin_label=\u00a0\u00bbDISFRUTA DEL MEJOR ESPECT\u00c1CULO FLAMENCO: TICKETS EN MADRID<br \/>\n\u00a0\u00bb module_class=\u00a0\u00bbentradas-texto\u00a0\u00bb _builder_version=\u00a0\u00bb3.26.5&Prime; background_enable_image=\u00a0\u00bboff\u00a0\u00bb background_last_edited=\u00a0\u00bbon|phone\u00a0\u00bb background_image_phone=\u00a0\u00bbhttps:\/\/www.corraldelamoreria.com\/wp-content\/uploads\/2019\/10\/quienes_1_mov.jpg\u00a0\u00bb background_enable_image_phone=\u00a0\u00bbon\u00a0\u00bb collapsed=\u00a0\u00bboff\u00a0\u00bb][et_pb_row _builder_version=\u00a0\u00bb3.26.5&Prime;][et_pb_column type=\u00a0\u00bb4_4&Prime; _builder_version=\u00a0\u00bb3.26.5&Prime;][et_pb_text _builder_version=\u00a0\u00bb3.27.4&Prime;]<\/p>\n<h1>PROFITEZ DU MEILLEUR SPECTACLE DE FLAMENCO: BILLETS \u00c0 MADRID<\/h1>\n<p>Sur cette page, vous pouvez acheter des billets pour vivre une exp\u00e9rience unique dans le monde. Visitez le l\u00e9gendaire Corral de la Morer\u00eda. C&rsquo;est le tablao o\u00f9 sont pass\u00e9es les grandes stars du cin\u00e9ma, de la musique, des familles royales et des pr\u00e9sidents de gouvernement.<\/p>\n<p>Ici, vous apprendrez \u00e0 conna\u00eetre le meilleur du spectacle de flamenco. Billets \u00e0 Madrid?, Si vous vous demandez o\u00f9 les obtenir, vous \u00eates venu sur place pour r\u00e9server votre place.[\/et_pb_text][\/et_pb_column][\/et_pb_row][\/et_pb_section][et_pb_section fb_built=\u00a0\u00bb1&Prime; module_class=\u00a0\u00bbentradas-texto\u00a0\u00bb _builder_version=\u00a0\u00bb3.26.5&Prime; background_color=\u00a0\u00bb#0D0C0C\u00a0\u00bb collapsed=\u00a0\u00bboff\u00a0\u00bb][et_pb_row _builder_version=\u00a0\u00bb3.26.5&Prime;][et_pb_column type=\u00a0\u00bb4_4&Prime; _builder_version=\u00a0\u00bb3.26.5&Prime;][et_pb_text admin_label=\u00a0\u00bbTexto\u00a0\u00bb _builder_version=\u00a0\u00bb4.3.4&Prime; text_text_color=\u00a0\u00bb#ffffff\u00a0\u00bb]<strong> Blanca del Rey <\/strong>, <i> M\u00e9daille d&rsquo;or des beaux-arts <\/i> d\u00e9cern\u00e9e par SM le Roi Felipe VI, est notre directrice artistique. Au cours de l&rsquo;ann\u00e9e, visitez les meilleurs festivals de flamenco au monde. De N\u00eemes (France), \u00e0 \u200b\u200bJerez, N\u00eemes, Pampelune, S\u00e9ville ou Cordoue.<\/p>\n<p>Et tout pour d\u00e9couvrir les talents les plus importants du moment. Une s\u00e9lection minutieuse de programmes sur les tableaux historiques du <i> Corral de la Morer\u00eda <\/i> le meilleur flamenco.<\/p>\n<p>Il est courant de trouver des <i> National Dance Awards <\/i> tous les soirs, des artistes qui ont conquis les grandes sc\u00e8nes internationales, sans la barri\u00e8re du th\u00e9\u00e2tre. Face \u00e0 face dans un contexte intime qui lui a valu d&rsquo;\u00eatre consid\u00e9r\u00e9 <strong> comme le meilleur tablao flamenco du monde <\/strong> par le prestigieux Festival International de Flamenco de Las Minas de La Uni\u00f3n.<\/p>\n<p>D\u00e9couvrez l&rsquo;art flamenco! Billets \u00e0 Madrid et avec r\u00e9servation \u00e0 l&rsquo;avance ici.[\/et_pb_text][\/et_pb_column][\/et_pb_row][\/et_pb_section][et_pb_section fb_built=\u00a0\u00bb1&Prime; admin_label=\u00a0\u00bbFLAMENCO TICKETS PARA UNA EXPERIENCIA INOLVIDABLE<br \/>\n\u00a0\u00bb module_class=\u00a0\u00bbentradas-texto\u00a0\u00bb _builder_version=\u00a0\u00bb3.26.5&Prime; background_enable_image=\u00a0\u00bboff\u00a0\u00bb background_last_edited=\u00a0\u00bbon|phone\u00a0\u00bb background_image_phone=\u00a0\u00bbhttps:\/\/www.corraldelamoreria.com\/wp-content\/uploads\/2019\/10\/quienes_1_mov.jpg\u00a0\u00bb background_enable_image_phone=\u00a0\u00bbon\u00a0\u00bb collapsed=\u00a0\u00bboff\u00a0\u00bb][et_pb_row _builder_version=\u00a0\u00bb3.26.5&Prime;][et_pb_column type=\u00a0\u00bb4_4&Prime; _builder_version=\u00a0\u00bb3.26.5&Prime;][et_pb_text _builder_version=\u00a0\u00bb3.27.4&Prime;]<\/p>\n<h2> BILLETS FLAMENCO POUR UNE EXP\u00c9RIENCE INOUBLIABLE <\/h2>\n<p><i> Corral de la Morer\u00eda <\/i> est le seul tablao flamenco en Espagne qui:<\/p>\n<ul>\n\u00a0<\/p>\n<li> Il a re\u00e7u le <strong> <i> prix du meilleur tablao flamenco du monde <\/i> <\/strong>. <\/li>\n<p>\u00a0<\/p>\n<li> Il est consid\u00e9r\u00e9 par la presse sp\u00e9cialis\u00e9e comme le <strong> <i> Meilleur Tablao <\/i><\/strong> <strong> <i> Flamenco du monde <\/i> <\/strong>. <\/li>\n<p>\u00a0<\/p>\n<li> Parce que c&rsquo;est le flamenco tablao le plus ancien et le plus c\u00e9l\u00e8bre du monde. <\/li>\n<p>\u00a0<\/p>\n<li> S\u00e9lectionn\u00e9 dans le livre \u00ab\u00a0<i> 1000 lieux \u00e0 voir avant de mourir <\/i>\u00a0\u00bb n \u00b0 1 du New York Times. <\/li>\n<p>\u00a0<\/p>\n<li> Le seul tablao flamenco r\u00e9compens\u00e9 \u00ab\u00a0<i> Un Sol Repsol <\/i>\u00a0\u00bb pour son excellence gastronomique. <\/li>\n<p>\u00a0<\/p>\n<li> Il propose le meilleur programme de flamenco d&rsquo;Espagne avec les <strong> <i> Prix et laur\u00e9ats nationaux <\/i> <\/strong> des principaux festivals qui changent chaque semaine. <\/li>\n<p>\u00a0<\/p>\n<li> Son propri\u00e9taire et directeur artistique, <strong> Blanca del Rey <\/strong>, est l&rsquo;un des chor\u00e9graphes et danseurs les plus importants de l&rsquo;histoire du flamenco. <\/li>\n<p>\u00a0<\/p>\n<li> Votre chef, <strong> David Garc\u00eda <\/strong>, a obtenu une <i> \u00e9toile Michelin. <\/i> <i> <\/i> <\/li>\n<\/ul>\n<p>[\/et_pb_text][\/et_pb_column][\/et_pb_row][et_pb_row _builder_version=\u00a0\u00bb3.26.5&Prime;][et_pb_column type=\u00a0\u00bb4_4&Prime; _builder_version=\u00a0\u00bb3.26.5&Prime;][et_pb_text _builder_version=\u00a0\u00bb3.27.4&Prime;]<i> Corral de la Morer\u00eda <\/i> et <strong> Blanca del Rey <\/strong> ont re\u00e7u les prix suivants ces derni\u00e8res ann\u00e9es:<\/p>\n<ul>\n\u00a0 <\/p>\n<li> <i> Prix du meilleur tablao flamenco du monde <\/i> <\/li>\n<p>\u00a0 <\/p>\n<li> <i> Prix national de flamenco <\/i> <\/li>\n<p>\u00a0 <\/p>\n<li> <i> M\u00e9daille d&rsquo;or des beaux-arts (d\u00e9cern\u00e9e par Leurs Majest\u00e9s les rois d&rsquo;Espagne) <\/i> <\/li>\n<p>\u00a0 <\/p>\n<li> <i> Prix de la ville de Madrid (d\u00e9cern\u00e9 par le maire de Madrid) <\/i> <\/li>\n<p>\u00a0 <\/p>\n<li> <i> Prix d&rsquo;honneur du concours national de flamenco <\/i> <\/li>\n<\/ul>\n<p>[\/et_pb_text][\/et_pb_column][\/et_pb_row][\/et_pb_section][et_pb_section fb_built=\u00a0\u00bb1&Prime; admin_label=\u00a0\u00bb\u201cAhora t\u00fa puedes vivirlo en primera persona. Adem\u00e1s, detr\u00e1s de este gran \u00e9xito se haya la pasi\u00f3n de una empresa familiar.\u201d\u00a0\u00bb module_class=\u00a0\u00bbentradas-texto\u00a0\u00bb _builder_version=\u00a0\u00bb3.26.5&Prime; background_color=\u00a0\u00bb#0D0C0C\u00a0\u00bb][et_pb_row _builder_version=\u00a0\u00bb3.26.5&Prime; max_width=\u00a0\u00bb700px\u00a0\u00bb][et_pb_column type=\u00a0\u00bb4_4&Prime; _builder_version=\u00a0\u00bb3.26.5&Prime;][et_pb_text admin_label=\u00a0\u00bbTexto\u00a0\u00bb _builder_version=\u00a0\u00bb3.27.4&Prime; text_orientation=\u00a0\u00bbcenter\u00a0\u00bb background_layout=\u00a0\u00bbdark\u00a0\u00bb text_text_align=\u00a0\u00bbcenter\u00a0\u00bb]<\/p>\n<p style=\"text-align: center;\">\u00ab\u00a0<b> <i> Vous pouvez maintenant en faire l&rsquo;exp\u00e9rience \u00e0 la premi\u00e8re personne. De plus, derri\u00e8re ce grand succ\u00e8s se cache la passion d&rsquo;une entreprise familiale. \u00ab\u00a0<\/i> <\/b><\/p>\n<p>[\/et_pb_text][\/et_pb_column][\/et_pb_row][\/et_pb_section][et_pb_section fb_built=\u00a0\u00bb1&Prime; admin_label=\u00a0\u00bbH3. \u00bfPor qu\u00e9 no debes perderte una noche en el Corral de la Morer\u00eda?\u00a0\u00bb module_class=\u00a0\u00bbentradas-texto\u00a0\u00bb _builder_version=\u00a0\u00bb3.26.5&Prime; background_enable_image=\u00a0\u00bboff\u00a0\u00bb background_last_edited=\u00a0\u00bbon|phone\u00a0\u00bb background_image_phone=\u00a0\u00bbhttps:\/\/www.corraldelamoreria.com\/wp-content\/uploads\/2019\/10\/quienes_1_mov.jpg\u00a0\u00bb background_enable_image_phone=\u00a0\u00bbon\u00a0\u00bb collapsed=\u00a0\u00bboff\u00a0\u00bb][et_pb_row _builder_version=\u00a0\u00bb3.26.5&Prime;][et_pb_column type=\u00a0\u00bb4_4&Prime; _builder_version=\u00a0\u00bb3.26.5&Prime;][et_pb_text _builder_version=\u00a0\u00bb3.27.4&Prime;]<\/p>\n<h3> <strong> <i> Pourquoi ne devriez-vous pas manquer une nuit dans le Corral de la Morer\u00eda? <\/i> <\/strong> <\/h3>\n<p>Au cours de ces plus de 60 ans de vie, le <i> Corral de la Morer\u00eda <\/i> a \u00e9t\u00e9 projet\u00e9 \u00e0 l&rsquo;\u00e9chelle internationale, diffusant le meilleur flamenco parmi des centaines de milliers de personnes du monde entier. Et cela, tout en conservant son esprit d&rsquo;entreprise familiale gr\u00e2ce \u00e0 la figure unique de <strong> Manuel del Rey <\/strong>, fondateur du tablao.<\/p>\n<p>Issu d&rsquo;une famille d\u00e9di\u00e9e \u00e0 la haute cuisine, qui dirigeait \u00e0 l&rsquo;\u00e9poque le c\u00e9l\u00e8bre restaurant Riscal, il a d\u00e9cid\u00e9 de franchir le pas et de cr\u00e9er sa propre entreprise, imaginant la formule r\u00e9ussie de combiner le meilleur flamenco avec un restaurant haut de gamme en une seule exp\u00e9rience. spectre.<\/p>\n<p>Aujourd&rsquo;hui, ses fils, Juan Manuel et Armando, sont charg\u00e9s de diriger l&rsquo;institution embl\u00e9matique, submerg\u00e9e ces derni\u00e8res ann\u00e9es dans un profond processus de r\u00e9novation qui la maintient au premier plan tout en pr\u00e9servant intacte l&rsquo;essence qui fait <i> Corral de la Morer\u00eda <\/i>.[\/et_pb_text][\/et_pb_column][\/et_pb_row][\/et_pb_section][et_pb_section fb_built=\u00a0\u00bb1&Prime; admin_label=\u00a0\u00bb\u201cSi algo caracteriza la importante renovaci\u00f3n de Corral de la Morer\u00eda, es sin duda su propuesta gastron\u00f3mica.\u201d\u00a0\u00bb module_class=\u00a0\u00bbentradas-texto\u00a0\u00bb _builder_version=\u00a0\u00bb3.26.5&Prime; background_color=\u00a0\u00bb#0D0C0C\u00a0\u00bb][et_pb_row _builder_version=\u00a0\u00bb3.26.5&Prime; max_width=\u00a0\u00bb700px\u00a0\u00bb][et_pb_column type=\u00a0\u00bb4_4&Prime; _builder_version=\u00a0\u00bb3.26.5&Prime;][et_pb_text admin_label=\u00a0\u00bbTexto\u00a0\u00bb _builder_version=\u00a0\u00bb3.27.4&Prime; text_orientation=\u00a0\u00bbcenter\u00a0\u00bb background_layout=\u00a0\u00bbdark\u00a0\u00bb text_text_align=\u00a0\u00bbcenter\u00a0\u00bb]<\/p>\n<p style=\"text-align: center;\"><em><strong>\u00ab\u00a0Si quelque chose caract\u00e9rise l&rsquo;importante r\u00e9novation du Corral de la Morer\u00eda, c&rsquo;est sans aucun doute sa proposition gastronomique.\u00a0\u00bb <\/strong> <\/em> <\/p>\n<p>[\/et_pb_text][\/et_pb_column][\/et_pb_row][\/et_pb_section][et_pb_section fb_built=\u00a0\u00bb1&Prime; module_class=\u00a0\u00bbentradas-texto\u00a0\u00bb _builder_version=\u00a0\u00bb3.26.5&Prime; background_enable_image=\u00a0\u00bboff\u00a0\u00bb background_last_edited=\u00a0\u00bbon|phone\u00a0\u00bb background_image_phone=\u00a0\u00bbhttps:\/\/www.corraldelamoreria.com\/wp-content\/uploads\/2019\/10\/quienes_1_mov.jpg\u00a0\u00bb background_enable_image_phone=\u00a0\u00bbon\u00a0\u00bb collapsed=\u00a0\u00bboff\u00a0\u00bb][et_pb_row _builder_version=\u00a0\u00bb3.26.5&Prime;][et_pb_column type=\u00a0\u00bb4_4&Prime; _builder_version=\u00a0\u00bb3.26.5&Prime;][et_pb_text _builder_version=\u00a0\u00bb3.27.4&Prime;]Ces derni\u00e8res ann\u00e9es, le tablao a b\u00e9n\u00e9fici\u00e9 des conseils et de la collaboration de chefs renomm\u00e9s tels que <strong> <i> Jos\u00e9 Luis Estevan <\/i> <\/strong> <i> -Lgrimas Negras-, <\/i> < fort> <i> Salvador Brugu\u00e9s <\/i> <\/strong> <i> -expert mondial de la cuisson sous vide-, et le confiseur <\/i> <strong> <i> Jordi Puigvert <\/i> <\/strong> <i> -Les Cols, Alchemy-, <\/i> qui ont mis \u00e0 jour et enrichi la lettre.<\/p>\n<p>Ce processus d&rsquo;\u00e9volution atteint aujourd&rsquo;hui son apog\u00e9e avec deux jalons remarquables; la signature de <strong> David Garc\u00eda <\/strong> en tant que chef et l&rsquo;ouverture du restaurant Corral de la Morer\u00eda.<\/p>\n<p><strong> David Garc\u00eda <\/strong> est un ardent d\u00e9fenseur du jardin biologique, de la culture contr\u00f4l\u00e9e et des bonnes mati\u00e8res premi\u00e8res. Sa cuisine aux racines basques se distingue par ses bouillons, ses ingr\u00e9dients et ses jus \u00e9labor\u00e9s avec des produits naturels de premi\u00e8re qualit\u00e9.<\/p>\n<p>Ce chef n\u00e9 \u00e0 Bilbao a une passion pour la cuisine tatou\u00e9e sur son ADN. Il n&rsquo;avait m\u00eame pas eu 18 ans lorsqu&rsquo;il a commenc\u00e9 \u00e0 apprendre le m\u00e9tier de cuisini\u00e8re dans le restaurant familial, la Tamise. Plus tard, il est dipl\u00f4m\u00e9 de l&rsquo;\u00e9cole h\u00f4teli\u00e8re Eide de Santurce et, par cons\u00e9quent, il s&rsquo;est form\u00e9 avec de grands chefs, tels que Mart\u00edn Berasategui.<\/p>\n<p>Il a \u00e9galement fait une sc\u00e8ne \u00e0 El Bulli et ces derni\u00e8res ann\u00e9es, avant de d\u00e9m\u00e9nager \u00e0 Madrid, il a v\u00e9cu \u00e0 Ner\u00faa, le restaurant situ\u00e9 dans le mus\u00e9e Guggenheim de Bilbao. En 2014, il a obtenu une \u00e9toile Michelin en tant que chef de cuisine au restaurant \u00c1lbora.<\/p>\n<p>De plus, le Corral est responsable de la carte du restaurant Tablao, ainsi que du cr\u00e9ateur des menus de d\u00e9gustation propos\u00e9s par le restaurant Gast<\/p>\n<p>Avez-vous besoin de plus de raisons? Achetez vos billets maintenant pour le meilleur spectacle de flamenco![\/et_pb_text][\/et_pb_column][\/et_pb_row][\/et_pb_section]<\/p>\n","protected":false},"excerpt":{"rendered":"<p>PROFITEZ DU MEILLEUR SPECTACLE DE FLAMENCO: BILLETS \u00c0 MADRID Sur cette page, vous pouvez acheter des billets pour vivre une exp\u00e9rience unique dans le monde. Visitez le l\u00e9gendaire Corral de la Morer\u00eda. C&rsquo;est le tablao o\u00f9 sont pass\u00e9es les grandes stars du cin\u00e9ma, de la musique, des familles royales et des pr\u00e9sidents de gouvernement. Ici, [&hellip;]<\/p>\n","protected":false},"author":1,"featured_media":0,"parent":0,"menu_order":0,"comment_status":"closed","ping_status":"closed","template":"p_reservas.php","meta":{"_acf_changed":false,"_et_pb_use_builder":"on","_et_pb_old_content":"","_et_gb_content_width":"","footnotes":""},"class_list":["post-3868","page","type-page","status-publish","hentry"],"acf":[],"yoast_head":"<!-- This site is optimized with the Yoast SEO plugin v27.2 - https:\/\/yoast.com\/product\/yoast-seo-wordpress\/ -->\n<title>Billets de flamenco \u00e0 d\u00e9guster dans le meilleur tablao du monde<\/title>\n<meta name=\"description\" content=\"Le meilleur spectacle de flamenco. Billets ici pour profiter d&#039;une nuit magique dans le tablao le plus prestigieux de l&#039;histoire.\" \/>\n<meta name=\"robots\" content=\"index, follow, max-snippet:-1, max-image-preview:large, max-video-preview:-1\" \/>\n<link rel=\"canonical\" href=\"https:\/\/www.corraldelamoreria.com\/fr\/billets\/\" \/>\n<meta property=\"og:locale\" content=\"fr_FR\" \/>\n<meta property=\"og:type\" content=\"article\" \/>\n<meta property=\"og:title\" content=\"Billets de flamenco \u00e0 d\u00e9guster dans le meilleur tablao du monde\" \/>\n<meta property=\"og:description\" content=\"Le meilleur spectacle de flamenco. Billets ici pour profiter d&#039;une nuit magique dans le tablao le plus prestigieux de l&#039;histoire.\" \/>\n<meta property=\"og:url\" content=\"https:\/\/www.corraldelamoreria.com\/fr\/billets\/\" \/>\n<meta property=\"og:site_name\" content=\"Corral de la moreria\" \/>\n<meta property=\"article:modified_time\" content=\"2020-05-14T13:53:30+00:00\" \/>\n<meta name=\"twitter:card\" content=\"summary_large_image\" \/>\n<meta name=\"twitter:label1\" content=\"Dur\u00e9e de lecture estim\u00e9e\" \/>\n\t<meta name=\"twitter:data1\" content=\"8 minutes\" \/>\n<script type=\"application\/ld+json\" class=\"yoast-schema-graph\">{\"@context\":\"https:\/\/schema.org\",\"@graph\":[{\"@type\":\"WebPage\",\"@id\":\"https:\/\/www.corraldelamoreria.com\/fr\/billets\/\",\"url\":\"https:\/\/www.corraldelamoreria.com\/fr\/billets\/\",\"name\":\"Billets de flamenco \u00e0 d\u00e9guster dans le meilleur tablao du monde\",\"isPartOf\":{\"@id\":\"https:\/\/www.corraldelamoreria.com\/#website\"},\"datePublished\":\"2020-05-14T13:53:29+00:00\",\"dateModified\":\"2020-05-14T13:53:30+00:00\",\"description\":\"Le meilleur spectacle de flamenco. Billets ici pour profiter d'une nuit magique dans le tablao le plus prestigieux de l'histoire.\",\"breadcrumb\":{\"@id\":\"https:\/\/www.corraldelamoreria.com\/fr\/billets\/#breadcrumb\"},\"inLanguage\":\"fr-FR\",\"potentialAction\":[{\"@type\":\"ReadAction\",\"target\":[\"https:\/\/www.corraldelamoreria.com\/fr\/billets\/\"]}]},{\"@type\":\"BreadcrumbList\",\"@id\":\"https:\/\/www.corraldelamoreria.com\/fr\/billets\/#breadcrumb\",\"itemListElement\":[{\"@type\":\"ListItem\",\"position\":1,\"name\":\"Portada\",\"item\":\"https:\/\/www.corraldelamoreria.com\/fr\/\"},{\"@type\":\"ListItem\",\"position\":2,\"name\":\"Billets\"}]},{\"@type\":\"WebSite\",\"@id\":\"https:\/\/www.corraldelamoreria.com\/#website\",\"url\":\"https:\/\/www.corraldelamoreria.com\/\",\"name\":\"Corral de la moreria\",\"description\":\"El Tablao Flamenco m\u00e1s famoso del mundo\",\"potentialAction\":[{\"@type\":\"SearchAction\",\"target\":{\"@type\":\"EntryPoint\",\"urlTemplate\":\"https:\/\/www.corraldelamoreria.com\/?s={search_term_string}\"},\"query-input\":{\"@type\":\"PropertyValueSpecification\",\"valueRequired\":true,\"valueName\":\"search_term_string\"}}],\"inLanguage\":\"fr-FR\"}]}<\/script>\n<!-- \/ Yoast SEO plugin. -->","yoast_head_json":{"title":"Billets de flamenco \u00e0 d\u00e9guster dans le meilleur tablao du monde","description":"Le meilleur spectacle de flamenco. Billets ici pour profiter d'une nuit magique dans le tablao le plus prestigieux de l'histoire.","robots":{"index":"index","follow":"follow","max-snippet":"max-snippet:-1","max-image-preview":"max-image-preview:large","max-video-preview":"max-video-preview:-1"},"canonical":"https:\/\/www.corraldelamoreria.com\/fr\/billets\/","og_locale":"fr_FR","og_type":"article","og_title":"Billets de flamenco \u00e0 d\u00e9guster dans le meilleur tablao du monde","og_description":"Le meilleur spectacle de flamenco. Billets ici pour profiter d'une nuit magique dans le tablao le plus prestigieux de l'histoire.","og_url":"https:\/\/www.corraldelamoreria.com\/fr\/billets\/","og_site_name":"Corral de la moreria","article_modified_time":"2020-05-14T13:53:30+00:00","twitter_card":"summary_large_image","twitter_misc":{"Dur\u00e9e de lecture estim\u00e9e":"8 minutes"},"schema":{"@context":"https:\/\/schema.org","@graph":[{"@type":"WebPage","@id":"https:\/\/www.corraldelamoreria.com\/fr\/billets\/","url":"https:\/\/www.corraldelamoreria.com\/fr\/billets\/","name":"Billets de flamenco \u00e0 d\u00e9guster dans le meilleur tablao du monde","isPartOf":{"@id":"https:\/\/www.corraldelamoreria.com\/#website"},"datePublished":"2020-05-14T13:53:29+00:00","dateModified":"2020-05-14T13:53:30+00:00","description":"Le meilleur spectacle de flamenco. Billets ici pour profiter d'une nuit magique dans le tablao le plus prestigieux de l'histoire.","breadcrumb":{"@id":"https:\/\/www.corraldelamoreria.com\/fr\/billets\/#breadcrumb"},"inLanguage":"fr-FR","potentialAction":[{"@type":"ReadAction","target":["https:\/\/www.corraldelamoreria.com\/fr\/billets\/"]}]},{"@type":"BreadcrumbList","@id":"https:\/\/www.corraldelamoreria.com\/fr\/billets\/#breadcrumb","itemListElement":[{"@type":"ListItem","position":1,"name":"Portada","item":"https:\/\/www.corraldelamoreria.com\/fr\/"},{"@type":"ListItem","position":2,"name":"Billets"}]},{"@type":"WebSite","@id":"https:\/\/www.corraldelamoreria.com\/#website","url":"https:\/\/www.corraldelamoreria.com\/","name":"Corral de la moreria","description":"El Tablao Flamenco m\u00e1s famoso del mundo","potentialAction":[{"@type":"SearchAction","target":{"@type":"EntryPoint","urlTemplate":"https:\/\/www.corraldelamoreria.com\/?s={search_term_string}"},"query-input":{"@type":"PropertyValueSpecification","valueRequired":true,"valueName":"search_term_string"}}],"inLanguage":"fr-FR"}]}},"_links":{"self":[{"href":"https:\/\/www.corraldelamoreria.com\/fr\/wp-json\/wp\/v2\/pages\/3868","targetHints":{"allow":["GET"]}}],"collection":[{"href":"https:\/\/www.corraldelamoreria.com\/fr\/wp-json\/wp\/v2\/pages"}],"about":[{"href":"https:\/\/www.corraldelamoreria.com\/fr\/wp-json\/wp\/v2\/types\/page"}],"author":[{"embeddable":true,"href":"https:\/\/www.corraldelamoreria.com\/fr\/wp-json\/wp\/v2\/users\/1"}],"replies":[{"embeddable":true,"href":"https:\/\/www.corraldelamoreria.com\/fr\/wp-json\/wp\/v2\/comments?post=3868"}],"version-history":[{"count":1,"href":"https:\/\/www.corraldelamoreria.com\/fr\/wp-json\/wp\/v2\/pages\/3868\/revisions"}],"predecessor-version":[{"id":3869,"href":"https:\/\/www.corraldelamoreria.com\/fr\/wp-json\/wp\/v2\/pages\/3868\/revisions\/3869"}],"wp:attachment":[{"href":"https:\/\/www.corraldelamoreria.com\/fr\/wp-json\/wp\/v2\/media?parent=3868"}],"curies":[{"name":"wp","href":"https:\/\/api.w.org\/{rel}","templated":true}]}}