{"id":3872,"date":"2020-05-14T16:30:19","date_gmt":"2020-05-14T14:30:19","guid":{"rendered":"https:\/\/www.corraldelamoreria.com\/biglietti"},"modified":"2020-05-14T16:30:20","modified_gmt":"2020-05-14T14:30:20","slug":"biglietti","status":"publish","type":"page","link":"https:\/\/www.corraldelamoreria.com\/it\/biglietti\/","title":{"rendered":"Biglietti"},"content":{"rendered":"<p>[et_pb_section fb_built=&#8221;1&#8243; admin_label=&#8221;DISFRUTA DEL MEJOR ESPECT\u00c1CULO FLAMENCO: TICKETS EN MADRID<br \/>\n&#8221; module_class=&#8221;entradas-texto&#8221; _builder_version=&#8221;3.26.5&#8243; background_enable_image=&#8221;off&#8221; background_last_edited=&#8221;on|phone&#8221; background_image_phone=&#8221;https:\/\/www.corraldelamoreria.com\/wp-content\/uploads\/2019\/10\/quienes_1_mov.jpg&#8221; background_enable_image_phone=&#8221;on&#8221; collapsed=&#8221;off&#8221;][et_pb_row _builder_version=&#8221;3.26.5&#8243;][et_pb_column type=&#8221;4_4&#8243; _builder_version=&#8221;3.26.5&#8243;][et_pb_text _builder_version=&#8221;3.27.4&#8243;]<\/p>\n<h1>GODETEVI IL MIGLIOR SPETTACOLO FLAMENCO: BIGLIETTI A MADRID<\/h1>\n<p>In questa pagina puoi acquistare i biglietti per vivere un&#8217;esperienza unica al mondo. Visita il leggendario Corral de la Morer\u00eda. \u00c8 il tablao in cui sono passate le grandi star del cinema, della musica, delle famiglie reali e dei presidenti di governo.<\/p>\n<p>Qui potrai conoscere il meglio dello spettacolo di flamenco. Biglietti a Madrid?, Se ti chiedi dove trovarli, sei venuto nel posto giusto per prenotare il tuo posto.[\/et_pb_text][\/et_pb_column][\/et_pb_row][\/et_pb_section][et_pb_section fb_built=&#8221;1&#8243; module_class=&#8221;entradas-texto&#8221; _builder_version=&#8221;3.26.5&#8243; background_color=&#8221;#0D0C0C&#8221; collapsed=&#8221;off&#8221;][et_pb_row _builder_version=&#8221;3.26.5&#8243;][et_pb_column type=&#8221;4_4&#8243; _builder_version=&#8221;3.26.5&#8243;][et_pb_text admin_label=&#8221;Texto&#8221; _builder_version=&#8221;4.3.4&#8243; text_text_color=&#8221;#ffffff&#8221;]<strong> Blanca del Rey <\/strong>, <i> Medaglia d&#8217;oro per le belle arti <\/i> assegnata da HM King Felipe VI, \u00e8 il nostro direttore artistico. Durante l&#8217;anno, visita i migliori festival di flamenco al mondo. Da Nimes (Francia) a Jerez, Nimes, Pamplona, \u200b\u200bSiviglia o C\u00f3rdoba.<\/p>\n<p>E tutto per scoprire i talenti pi\u00f9 importanti del momento. Una meticolosa selezione di programmi sulle tavole storiche di <i> Corral de la Morer\u00eda <\/i> il miglior flamenco.<\/p>\n<p>\u00c8 comune trovare <i> National Dance Awards <\/i> ogni notte, artisti che hanno conquistato i grandi palcoscenici internazionali, senza la barriera del teatro. Faccia a faccia in un contesto intimo che gli \u00e8 valso il <strong> miglior tablao di flamenco al mondo <\/strong> dal prestigioso Festival internazionale di canto di flamenco di Las Minas de La Uni\u00f3n.<\/p>\n<p>Scopri l&#8217;arte del flamenco! Biglietti a Madrid e con prenotazione anticipata qui.[\/et_pb_text][\/et_pb_column][\/et_pb_row][\/et_pb_section][et_pb_section fb_built=&#8221;1&#8243; admin_label=&#8221;FLAMENCO TICKETS PARA UNA EXPERIENCIA INOLVIDABLE<br \/>\n&#8221; module_class=&#8221;entradas-texto&#8221; _builder_version=&#8221;3.26.5&#8243; background_enable_image=&#8221;off&#8221; background_last_edited=&#8221;on|phone&#8221; background_image_phone=&#8221;https:\/\/www.corraldelamoreria.com\/wp-content\/uploads\/2019\/10\/quienes_1_mov.jpg&#8221; background_enable_image_phone=&#8221;on&#8221; collapsed=&#8221;off&#8221;][et_pb_row _builder_version=&#8221;3.26.5&#8243;][et_pb_column type=&#8221;4_4&#8243; _builder_version=&#8221;3.26.5&#8243;][et_pb_text _builder_version=&#8221;3.27.4&#8243;]<\/p>\n<h2> BIGLIETTI FLAMENCO PER UN&#8217;ESPERIENZA INDIMENTICABILE <\/h2>\n<p><i> Corral de la Morer\u00eda <\/i> \u00e8 l&#8217;unico tablao di flamenco in Spagna che:<\/p>\n<ul>\n\u00a0<\/p>\n<li> Ha ricevuto il <strong> <i> Premio per il miglior tablao di flamenco nel mondo <\/i> <\/strong>. <\/li>\n<p>\u00a0<\/p>\n<li> \u00c8 considerato dalla stampa specializzata il <strong> <i> miglior tablao <\/i><\/strong> <strong> <i> flamenco del mondo <\/i> <\/strong>. <\/li>\n<p>\u00a0<\/p>\n<li> Perch\u00e9 \u00e8 il tablao flamenco pi\u00f9 antico e famoso al mondo. <\/li>\n<p>\u00a0<\/p>\n<li> Selezionato nel New York Times Book &#8220;<i> 1000 luoghi da vedere prima di morire <\/i>&#8221; No. 1. <\/li>\n<p>\u00a0<\/p>\n<li> L&#8217;unico tablao di flamenco premiato con &#8220;<i> Un Sol Repsol <\/i>&#8221; per la sua eccellenza gastronomica. <\/li>\n<p>\u00a0<\/p>\n<li> Ha il miglior programma di flamenco in Spagna con <strong> <i> Premi nazionali e vincitori <\/i> <\/strong> dai principali festival che cambiano ogni settimana. <\/li>\n<p>\u00a0<\/p>\n<li> Il suo proprietario e direttore artistico, <strong> Blanca del Rey <\/strong>, \u00e8 uno dei coreografi e ballerini pi\u00f9 importanti nella storia del flamenco. <\/li>\n<p>\u00a0<\/p>\n<li> Il tuo Chef, <strong> David Garc\u00eda <\/strong>, ha ottenuto una <i> Stella Michelin. <\/i> <i> <\/i> <\/li>\n<\/ul>\n<p>[\/et_pb_text][\/et_pb_column][\/et_pb_row][et_pb_row _builder_version=&#8221;3.26.5&#8243;][et_pb_column type=&#8221;4_4&#8243; _builder_version=&#8221;3.26.5&#8243;][et_pb_text _builder_version=&#8221;3.27.4&#8243;]Sia <i> Corral de la Morer\u00eda <\/i> che <strong> Blanca del Rey <\/strong> hanno ricevuto i seguenti premi negli ultimi anni:<\/p>\n<ul>\n\u00a0 <\/p>\n<li> <i> Premio per il miglior tablao di flamenco al mondo <\/i> <\/li>\n<p>\u00a0 <\/p>\n<li> <i> Premio Nazionale Flamenco <\/i> <\/li>\n<p>\u00a0 <\/p>\n<li> <i> Medaglia d&#8217;oro per le belle arti (assegnata dalle loro Maest\u00e0 i re di Spagna) <\/i> <\/li>\n<p>\u00a0 <\/p>\n<li> <i> Premio Citt\u00e0 di Madrid (assegnato dal Sindaco di Madrid) <\/i> <\/li>\n<p>\u00a0 <\/p>\n<li> <i> Premio d&#8217;onore del National Flamenco Contest <\/i> <\/li>\n<\/ul>\n<p>[\/et_pb_text][\/et_pb_column][\/et_pb_row][\/et_pb_section][et_pb_section fb_built=&#8221;1&#8243; admin_label=&#8221;\u201cAhora t\u00fa puedes vivirlo en primera persona. Adem\u00e1s, detr\u00e1s de este gran \u00e9xito se haya la pasi\u00f3n de una empresa familiar.\u201d&#8221; module_class=&#8221;entradas-texto&#8221; _builder_version=&#8221;3.26.5&#8243; background_color=&#8221;#0D0C0C&#8221;][et_pb_row _builder_version=&#8221;3.26.5&#8243; max_width=&#8221;700px&#8221;][et_pb_column type=&#8221;4_4&#8243; _builder_version=&#8221;3.26.5&#8243;][et_pb_text admin_label=&#8221;Texto&#8221; _builder_version=&#8221;3.27.4&#8243; text_orientation=&#8221;center&#8221; background_layout=&#8221;dark&#8221; text_text_align=&#8221;center&#8221;]<\/p>\n<p style=\"text-align: center;\"> \u201c<b><i>Ora puoi sperimentarlo in prima persona. Inoltre, dietro questo grande successo c&#8217;\u00e8 la passione di un&#8217;azienda familiare.&#8221;<\/i><\/b><\/p>\n<p>[\/et_pb_text][\/et_pb_column][\/et_pb_row][\/et_pb_section][et_pb_section fb_built=&#8221;1&#8243; admin_label=&#8221;H3. \u00bfPor qu\u00e9 no debes perderte una noche en el Corral de la Morer\u00eda?&#8221; module_class=&#8221;entradas-texto&#8221; _builder_version=&#8221;3.26.5&#8243; background_enable_image=&#8221;off&#8221; background_last_edited=&#8221;on|phone&#8221; background_image_phone=&#8221;https:\/\/www.corraldelamoreria.com\/wp-content\/uploads\/2019\/10\/quienes_1_mov.jpg&#8221; background_enable_image_phone=&#8221;on&#8221; collapsed=&#8221;off&#8221;][et_pb_row _builder_version=&#8221;3.26.5&#8243;][et_pb_column type=&#8221;4_4&#8243; _builder_version=&#8221;3.26.5&#8243;][et_pb_text _builder_version=&#8221;3.27.4&#8243;]<\/p>\n<h3> <strong> <i> Perch\u00e9 non dovresti perdere una notte nel Corral de la Morer\u00eda? <\/i> <\/strong> <\/h3>\n<p>In questi oltre 60 anni di vita, <i> Corral de la Morer\u00eda <\/i> \u00e8 stato progettato a livello internazionale, diffondendo il miglior flamenco tra centinaia di migliaia di persone provenienti da tutto il mondo. E lo ha fatto mantenendo il suo spirito imprenditoriale familiare grazie alla figura unica di <strong> Manuel del Rey <\/strong>, il fondatore del tablao.<\/p>\n<p>Proveniente da una famiglia dedicata all&#8217;alta cucina, che all&#8217;epoca gestiva il famoso ristorante Riscal, decise di fare il salto e iniziare la propria attivit\u00e0, inventando la formula di successo di combinare il miglior flamenco con un ristorante di fascia alta in un&#8217;unica esperienza. spettro.<\/p>\n<p>Oggi sono i suoi figli, Juan Manuel e Armando, a dirigere l&#8217;istituzione emblematica, sommersi negli ultimi anni in un profondo processo di rinnovamento che lo mantiene all&#8217;avanguardia, mantenendo intatta l&#8217;essenza che rende Corral de la Morer\u00eda <\/i>.[\/et_pb_text][\/et_pb_column][\/et_pb_row][\/et_pb_section][et_pb_section fb_built=&#8221;1&#8243; admin_label=&#8221;\u201cSi algo caracteriza la importante renovaci\u00f3n de Corral de la Morer\u00eda, es sin duda su propuesta gastron\u00f3mica.\u201d&#8221; module_class=&#8221;entradas-texto&#8221; _builder_version=&#8221;3.26.5&#8243; background_color=&#8221;#0D0C0C&#8221;][et_pb_row _builder_version=&#8221;3.26.5&#8243; max_width=&#8221;700px&#8221;][et_pb_column type=&#8221;4_4&#8243; _builder_version=&#8221;3.26.5&#8243;][et_pb_text admin_label=&#8221;Texto&#8221; _builder_version=&#8221;3.27.4&#8243; text_orientation=&#8221;center&#8221; background_layout=&#8221;dark&#8221; text_text_align=&#8221;center&#8221;]<\/p>\n<p style=\"text-align: center;\"> <em><strong> &#8220;Se qualcosa caratterizza l&#8217;importante rinnovamento di Corral de la Morer\u00eda, \u00e8 senza dubbio la sua proposta gastronomica.&#8221; <\/strong> <\/em><\/p>\n<p>[\/et_pb_text][\/et_pb_column][\/et_pb_row][\/et_pb_section][et_pb_section fb_built=&#8221;1&#8243; module_class=&#8221;entradas-texto&#8221; _builder_version=&#8221;3.26.5&#8243; background_enable_image=&#8221;off&#8221; background_last_edited=&#8221;on|phone&#8221; background_image_phone=&#8221;https:\/\/www.corraldelamoreria.com\/wp-content\/uploads\/2019\/10\/quienes_1_mov.jpg&#8221; background_enable_image_phone=&#8221;on&#8221; collapsed=&#8221;off&#8221;][et_pb_row _builder_version=&#8221;3.26.5&#8243;][et_pb_column type=&#8221;4_4&#8243; _builder_version=&#8221;3.26.5&#8243;][et_pb_text _builder_version=&#8221;3.27.4&#8243;]Negli ultimi anni, il tablao ha avuto la consulenza e la collaborazione di rinomati chef come <strong> <i> Jos\u00e9 Luis Estevan <\/i> <\/strong> <i> -Lgrimas Negras-, <\/i> &lt; forte&gt; <i> Salvador Brugu\u00e9s <\/i> <i> -mondo esperto di cucina sottovuoto- e il pasticcere <\/i> <strong> <i> Jordi Puigvert <\/i> <\/strong> <i> -Les Cols, Alchemy-, <\/i> che hanno aggiornato e arricchito la lettera.<\/p>\n<p>Questo processo di evoluzione raggiunge oggi il suo apice con due pietre miliari eccezionali; la firma di <strong> David Garc\u00eda <\/strong> come chef e l&#8217;apertura del ristorante Corral de la Morer\u00eda.<\/p>\n<p><strong> David Garc\u00eda <\/strong> \u00e8 un difensore schietto dell&#8217;orto biologico, della coltivazione controllata e delle buone materie prime.La sua cucina con radici basche si distingue per i suoi brodi, ingredienti e succhi, realizzati con prodotti naturali di alta qualit\u00e0.<\/p>\n<p>Questo chef di Bilbao ha una passione per la cucina tatuata sul suo DNA. Non aveva nemmeno compiuto 18 anni quando inizi\u00f2 a studiare il commercio della stufa nel ristorante di famiglia, il Tamigi. Successivamente si \u00e8 laureato presso la Eide Hotel School di Santurce e, di conseguenza, si \u00e8 formato con grandi chef, come Mart\u00edn Berasategui.<\/p>\n<p>Ha anche fatto uno stage a El Bulli e negli ultimi anni, prima di trasferirsi a Madrid, ha vissuto a Ner\u00faa, il ristorante situato nel museo Guggenheim di Bilbao. Nel 2014 ha ottenuto una stella Michelin come chef di cucina presso il ristorante \u00c1lbora.<\/p>\n<p>Inoltre, il Corral \u00e8 responsabile del menu del ristorante Tablao, nonch\u00e9 del creatore dei menu di degustazione offerti dal ristorante Gast<\/p>\n<p>Hai bisogno di pi\u00f9 motivi? Acquista subito i biglietti per il miglior spettacolo di flamenco![\/et_pb_text][\/et_pb_column][\/et_pb_row][\/et_pb_section]<\/p>\n","protected":false},"excerpt":{"rendered":"<p>GODETEVI IL MIGLIOR SPETTACOLO FLAMENCO: BIGLIETTI A MADRID In questa pagina puoi acquistare i biglietti per vivere un&#8217;esperienza unica al mondo. Visita il leggendario Corral de la Morer\u00eda. \u00c8 il tablao in cui sono passate le grandi star del cinema, della musica, delle famiglie reali e dei presidenti di governo. Qui potrai conoscere il meglio [&hellip;]<\/p>\n","protected":false},"author":1,"featured_media":0,"parent":0,"menu_order":0,"comment_status":"closed","ping_status":"closed","template":"p_reservas.php","meta":{"_acf_changed":false,"_et_pb_use_builder":"on","_et_pb_old_content":"","_et_gb_content_width":"","footnotes":""},"class_list":["post-3872","page","type-page","status-publish","hentry"],"acf":[],"yoast_head":"<!-- This site is optimized with the Yoast SEO plugin v27.2 - https:\/\/yoast.com\/product\/yoast-seo-wordpress\/ -->\n<title>Biglietti per flamenco da gustare nel miglior tablao del mondo<\/title>\n<meta name=\"description\" content=\"Il miglior spettacolo di flamenco. I biglietti qui per godersi una notte magica nel tablao pi\u00f9 prestigioso della storia.\" \/>\n<meta name=\"robots\" content=\"index, follow, max-snippet:-1, max-image-preview:large, max-video-preview:-1\" \/>\n<link rel=\"canonical\" href=\"https:\/\/www.corraldelamoreria.com\/it\/biglietti\/\" \/>\n<meta property=\"og:locale\" content=\"it_IT\" \/>\n<meta property=\"og:type\" content=\"article\" \/>\n<meta property=\"og:title\" content=\"Biglietti per flamenco da gustare nel miglior tablao del mondo\" \/>\n<meta property=\"og:description\" content=\"Il miglior spettacolo di flamenco. I biglietti qui per godersi una notte magica nel tablao pi\u00f9 prestigioso della storia.\" \/>\n<meta property=\"og:url\" content=\"https:\/\/www.corraldelamoreria.com\/it\/biglietti\/\" \/>\n<meta property=\"og:site_name\" content=\"Corral de la moreria\" \/>\n<meta property=\"article:modified_time\" content=\"2020-05-14T14:30:20+00:00\" \/>\n<meta name=\"twitter:card\" content=\"summary_large_image\" \/>\n<meta name=\"twitter:label1\" content=\"Tempo di lettura stimato\" \/>\n\t<meta name=\"twitter:data1\" content=\"7 minuti\" \/>\n<script type=\"application\/ld+json\" class=\"yoast-schema-graph\">{\"@context\":\"https:\/\/schema.org\",\"@graph\":[{\"@type\":\"WebPage\",\"@id\":\"https:\/\/www.corraldelamoreria.com\/it\/biglietti\/\",\"url\":\"https:\/\/www.corraldelamoreria.com\/it\/biglietti\/\",\"name\":\"Biglietti per flamenco da gustare nel miglior tablao del mondo\",\"isPartOf\":{\"@id\":\"https:\/\/www.corraldelamoreria.com\/#website\"},\"datePublished\":\"2020-05-14T14:30:19+00:00\",\"dateModified\":\"2020-05-14T14:30:20+00:00\",\"description\":\"Il miglior spettacolo di flamenco. I biglietti qui per godersi una notte magica nel tablao pi\u00f9 prestigioso della storia.\",\"breadcrumb\":{\"@id\":\"https:\/\/www.corraldelamoreria.com\/it\/biglietti\/#breadcrumb\"},\"inLanguage\":\"it-IT\",\"potentialAction\":[{\"@type\":\"ReadAction\",\"target\":[\"https:\/\/www.corraldelamoreria.com\/it\/biglietti\/\"]}]},{\"@type\":\"BreadcrumbList\",\"@id\":\"https:\/\/www.corraldelamoreria.com\/it\/biglietti\/#breadcrumb\",\"itemListElement\":[{\"@type\":\"ListItem\",\"position\":1,\"name\":\"Portada\",\"item\":\"https:\/\/www.corraldelamoreria.com\/it\/\"},{\"@type\":\"ListItem\",\"position\":2,\"name\":\"Biglietti\"}]},{\"@type\":\"WebSite\",\"@id\":\"https:\/\/www.corraldelamoreria.com\/#website\",\"url\":\"https:\/\/www.corraldelamoreria.com\/\",\"name\":\"Corral de la moreria\",\"description\":\"El Tablao Flamenco m\u00e1s famoso del mundo\",\"potentialAction\":[{\"@type\":\"SearchAction\",\"target\":{\"@type\":\"EntryPoint\",\"urlTemplate\":\"https:\/\/www.corraldelamoreria.com\/?s={search_term_string}\"},\"query-input\":{\"@type\":\"PropertyValueSpecification\",\"valueRequired\":true,\"valueName\":\"search_term_string\"}}],\"inLanguage\":\"it-IT\"}]}<\/script>\n<!-- \/ Yoast SEO plugin. -->","yoast_head_json":{"title":"Biglietti per flamenco da gustare nel miglior tablao del mondo","description":"Il miglior spettacolo di flamenco. I biglietti qui per godersi una notte magica nel tablao pi\u00f9 prestigioso della storia.","robots":{"index":"index","follow":"follow","max-snippet":"max-snippet:-1","max-image-preview":"max-image-preview:large","max-video-preview":"max-video-preview:-1"},"canonical":"https:\/\/www.corraldelamoreria.com\/it\/biglietti\/","og_locale":"it_IT","og_type":"article","og_title":"Biglietti per flamenco da gustare nel miglior tablao del mondo","og_description":"Il miglior spettacolo di flamenco. I biglietti qui per godersi una notte magica nel tablao pi\u00f9 prestigioso della storia.","og_url":"https:\/\/www.corraldelamoreria.com\/it\/biglietti\/","og_site_name":"Corral de la moreria","article_modified_time":"2020-05-14T14:30:20+00:00","twitter_card":"summary_large_image","twitter_misc":{"Tempo di lettura stimato":"7 minuti"},"schema":{"@context":"https:\/\/schema.org","@graph":[{"@type":"WebPage","@id":"https:\/\/www.corraldelamoreria.com\/it\/biglietti\/","url":"https:\/\/www.corraldelamoreria.com\/it\/biglietti\/","name":"Biglietti per flamenco da gustare nel miglior tablao del mondo","isPartOf":{"@id":"https:\/\/www.corraldelamoreria.com\/#website"},"datePublished":"2020-05-14T14:30:19+00:00","dateModified":"2020-05-14T14:30:20+00:00","description":"Il miglior spettacolo di flamenco. I biglietti qui per godersi una notte magica nel tablao pi\u00f9 prestigioso della storia.","breadcrumb":{"@id":"https:\/\/www.corraldelamoreria.com\/it\/biglietti\/#breadcrumb"},"inLanguage":"it-IT","potentialAction":[{"@type":"ReadAction","target":["https:\/\/www.corraldelamoreria.com\/it\/biglietti\/"]}]},{"@type":"BreadcrumbList","@id":"https:\/\/www.corraldelamoreria.com\/it\/biglietti\/#breadcrumb","itemListElement":[{"@type":"ListItem","position":1,"name":"Portada","item":"https:\/\/www.corraldelamoreria.com\/it\/"},{"@type":"ListItem","position":2,"name":"Biglietti"}]},{"@type":"WebSite","@id":"https:\/\/www.corraldelamoreria.com\/#website","url":"https:\/\/www.corraldelamoreria.com\/","name":"Corral de la moreria","description":"El Tablao Flamenco m\u00e1s famoso del mundo","potentialAction":[{"@type":"SearchAction","target":{"@type":"EntryPoint","urlTemplate":"https:\/\/www.corraldelamoreria.com\/?s={search_term_string}"},"query-input":{"@type":"PropertyValueSpecification","valueRequired":true,"valueName":"search_term_string"}}],"inLanguage":"it-IT"}]}},"_links":{"self":[{"href":"https:\/\/www.corraldelamoreria.com\/it\/wp-json\/wp\/v2\/pages\/3872","targetHints":{"allow":["GET"]}}],"collection":[{"href":"https:\/\/www.corraldelamoreria.com\/it\/wp-json\/wp\/v2\/pages"}],"about":[{"href":"https:\/\/www.corraldelamoreria.com\/it\/wp-json\/wp\/v2\/types\/page"}],"author":[{"embeddable":true,"href":"https:\/\/www.corraldelamoreria.com\/it\/wp-json\/wp\/v2\/users\/1"}],"replies":[{"embeddable":true,"href":"https:\/\/www.corraldelamoreria.com\/it\/wp-json\/wp\/v2\/comments?post=3872"}],"version-history":[{"count":1,"href":"https:\/\/www.corraldelamoreria.com\/it\/wp-json\/wp\/v2\/pages\/3872\/revisions"}],"predecessor-version":[{"id":3873,"href":"https:\/\/www.corraldelamoreria.com\/it\/wp-json\/wp\/v2\/pages\/3872\/revisions\/3873"}],"wp:attachment":[{"href":"https:\/\/www.corraldelamoreria.com\/it\/wp-json\/wp\/v2\/media?parent=3872"}],"curies":[{"name":"wp","href":"https:\/\/api.w.org\/{rel}","templated":true}]}}