{"id":3876,"date":"2020-05-14T16:41:31","date_gmt":"2020-05-14T14:41:31","guid":{"rendered":"https:\/\/www.corraldelamoreria.com\/bilhetes"},"modified":"2020-05-14T16:41:31","modified_gmt":"2020-05-14T14:41:31","slug":"bilhetes","status":"publish","type":"page","link":"https:\/\/www.corraldelamoreria.com\/pt-pt\/bilhetes\/","title":{"rendered":"Bilhetes"},"content":{"rendered":"<p>[et_pb_section fb_built=&#8221;1&#8243; admin_label=&#8221;DISFRUTA DEL MEJOR ESPECT\u00c1CULO FLAMENCO: TICKETS EN MADRID<br \/>\n&#8221; module_class=&#8221;entradas-texto&#8221; _builder_version=&#8221;3.26.5&#8243; background_enable_image=&#8221;off&#8221; background_last_edited=&#8221;on|phone&#8221; background_image_phone=&#8221;https:\/\/www.corraldelamoreria.com\/wp-content\/uploads\/2019\/10\/quienes_1_mov.jpg&#8221; background_enable_image_phone=&#8221;on&#8221; collapsed=&#8221;off&#8221;][et_pb_row _builder_version=&#8221;3.26.5&#8243;][et_pb_column type=&#8221;4_4&#8243; _builder_version=&#8221;3.26.5&#8243;][et_pb_text _builder_version=&#8221;3.27.4&#8243;]<\/p>\n<h1> APROVEITE A MELHOR MOSTRA DE FLAMENCO: BILHETES EM MADRID <\/h1>\n<p>Nesta p\u00e1gina, voc\u00ea pode comprar ingressos para viver uma experi\u00eancia \u00fanica no mundo. Visite o lend\u00e1rio Corral de la Morer\u00eda. \u00c9 o tablao por onde passaram as grandes estrelas do cinema, m\u00fasica, fam\u00edlias reais e presidentes de governo.<\/p>\n<p>Aqui voc\u00ea conhecer\u00e1 o melhor do show de flamenco. Ingressos em Madri?, Se voc\u00ea quer saber onde encontr\u00e1-los, veio ao local para reservar o seu lugar.[\/et_pb_text][\/et_pb_column][\/et_pb_row][\/et_pb_section][et_pb_section fb_built=&#8221;1&#8243; module_class=&#8221;entradas-texto&#8221; _builder_version=&#8221;3.26.5&#8243; background_color=&#8221;#0D0C0C&#8221; collapsed=&#8221;off&#8221;][et_pb_row _builder_version=&#8221;3.26.5&#8243;][et_pb_column type=&#8221;4_4&#8243; _builder_version=&#8221;3.26.5&#8243;][et_pb_text admin_label=&#8221;Texto&#8221; _builder_version=&#8221;4.3.4&#8243; text_text_color=&#8221;#ffffff&#8221;]<strong> Blanca del Rey <\/strong>, <i> Medalha de Ouro para Belas Artes <\/i> concedida pelo rei Felipe VI VI, \u00e9 nosso diretor art\u00edstico. Durante o ano, visite os melhores festivais de flamenco do mundo. De Nimes (Fran\u00e7a), a Jerez, Nimes, Pamplona, \u200b\u200bSevilha ou C\u00f3rdoba.<\/p>\n<p>E tudo para descobrir os talentos mais importantes do momento. Uma sele\u00e7\u00e3o meticulosa de programas nas mesas hist\u00f3ricas do <i> Corral de la Morer\u00eda <\/i>, o melhor flamenco.<\/p>\n<p>\u00c9 comum encontrar <i> National Dance Awards <\/i> em qualquer noite, artistas que conquistaram os grandes palcos internacionais, sem a barreira do teatro. Cara a cara em um contexto \u00edntimo que o levou a ser considerado <strong> o Melhor Flamenco do Mundo <\/strong> pelo prestigiado Festival Internacional de Flamenco de Las Minas de La Uni\u00f3n.<\/p>\n<p>Descubra arte flamenca! Bilhetes em Madrid e com reserva antecipada aqui.[\/et_pb_text][\/et_pb_column][\/et_pb_row][\/et_pb_section][et_pb_section fb_built=&#8221;1&#8243; admin_label=&#8221;FLAMENCO TICKETS PARA UNA EXPERIENCIA INOLVIDABLE<br \/>\n&#8221; module_class=&#8221;entradas-texto&#8221; _builder_version=&#8221;3.26.5&#8243; background_enable_image=&#8221;off&#8221; background_last_edited=&#8221;on|phone&#8221; background_image_phone=&#8221;https:\/\/www.corraldelamoreria.com\/wp-content\/uploads\/2019\/10\/quienes_1_mov.jpg&#8221; background_enable_image_phone=&#8221;on&#8221; collapsed=&#8221;off&#8221;][et_pb_row _builder_version=&#8221;3.26.5&#8243;][et_pb_column type=&#8221;4_4&#8243; _builder_version=&#8221;3.26.5&#8243;][et_pb_text _builder_version=&#8221;3.27.4&#8243;]<\/p>\n<h2> BILHETES DA FLAMENCO PARA UMA EXPERI\u00caNCIA INESQUEC\u00cdVEL <\/h2>\n<p><i> Corral de la Morer\u00eda <\/i> \u00e9 a \u00fanica competi\u00e7\u00e3o de flamenco na Espanha que:<\/p>\n<ul>\n\u00a0<\/p>\n<li> Ele recebeu o <strong> <i> Pr\u00eamio de Melhor Tabla de Flamenco do Mundo <\/i> <\/strong>. <\/li>\n<p>\u00a0<\/p>\n<li> Ele \u00e9 considerado pela imprensa especializada como o <strong> <i> Melhor Festival <\/i><\/strong> <strong> <i> Flamenco do Mundo <\/i> <\/strong>. <\/li>\n<p>\u00a0<\/p>\n<li> Porque \u00e9 o tablao flamenco mais antigo e famoso do mundo. <\/li>\n<p>\u00a0<\/p>\n<li> Selecionado no livro do New York Times &#8220;<i> 1000 lugares para ver antes de morrer <\/i>&#8221; n\u00ba 1. <\/li>\n<p>\u00a0<\/p>\n<li> O \u00fanico tablado de flamenco premiado com &#8220;Un Sol Repsol <\/i>&#8221; por sua excel\u00eancia gastron\u00f4mica. <\/li>\n<p>\u00a0<\/p>\n<li> Possui o melhor programa de flamenco da Espanha, com <strong> <i> Pr\u00eamios e Vencedores <\/i> <\/strong> dos principais festivais que mudam a cada semana. <\/li>\n<p>\u00a0<\/p>\n<li> Seu propriet\u00e1rio e diretor art\u00edstico, <strong> Blanca del Rey <\/strong>, \u00e9 um dos core\u00f3grafos e dan\u00e7arinos mais importantes da hist\u00f3ria do flamenco. <\/li>\n<p>\u00a0<\/p>\n<li> Seu chefe, David Garc\u00eda, obteve uma <i> estrela Michelin. <\/i> <i> <\/i> <\/li>\n<\/ul>\n<p>[\/et_pb_text][\/et_pb_column][\/et_pb_row][et_pb_row _builder_version=&#8221;3.26.5&#8243;][et_pb_column type=&#8221;4_4&#8243; _builder_version=&#8221;3.26.5&#8243;][et_pb_text _builder_version=&#8221;3.27.4&#8243;]<i> Corral de la Morer\u00eda <\/i> e <strong> Blanca del Rey <\/strong> receberam os seguintes pr\u00eamios nos \u00faltimos anos:<\/p>\n<ul>\n\u00a0 <\/p>\n<li> <i> Pr\u00eamio para o melhor tablado de flamenco do mundo <\/i> <\/li>\n<p>\u00a0 <\/p>\n<li> <i> Pr\u00eamio Nacional de Flamenco <\/i> <\/li>\n<p>\u00a0 <\/p>\n<li> <i> Medalha de ouro para belas artes (concedida por suas majestades os reis da Espanha) <\/i> <\/li>\n<p>\u00a0 <\/p>\n<li> <i> Pr\u00eamio Cidade de Madri (concedido pelo prefeito de Madri) <\/i> <\/li>\n<p>\u00a0 <\/p>\n<li> <i> Pr\u00eamio de Honra do Concurso Nacional de Flamenco <\/i> <\/li>\n<\/ul>\n<p>[\/et_pb_text][\/et_pb_column][\/et_pb_row][\/et_pb_section][et_pb_section fb_built=&#8221;1&#8243; admin_label=&#8221;\u201cAhora t\u00fa puedes vivirlo en primera persona. Adem\u00e1s, detr\u00e1s de este gran \u00e9xito se haya la pasi\u00f3n de una empresa familiar.\u201d&#8221; module_class=&#8221;entradas-texto&#8221; _builder_version=&#8221;3.26.5&#8243; background_color=&#8221;#0D0C0C&#8221;][et_pb_row _builder_version=&#8221;3.26.5&#8243; max_width=&#8221;700px&#8221;][et_pb_column type=&#8221;4_4&#8243; _builder_version=&#8221;3.26.5&#8243;][et_pb_text admin_label=&#8221;Texto&#8221; _builder_version=&#8221;3.27.4&#8243; text_orientation=&#8221;center&#8221; background_layout=&#8221;dark&#8221; text_text_align=&#8221;center&#8221;]<\/p>\n<p style = \"text-align: center;\"> &#8220;<b> <i> Agora voc\u00ea pode experimentar em primeira pessoa. Al\u00e9m disso, por tr\u00e1s desse grande sucesso est\u00e1 a paix\u00e3o de uma empresa familiar. \u201d<\/i> <\/b> <\/p>\n<p>[\/et_pb_text][\/et_pb_column][\/et_pb_row][\/et_pb_section][et_pb_section fb_built=&#8221;1&#8243; admin_label=&#8221;H3. \u00bfPor qu\u00e9 no debes perderte una noche en el Corral de la Morer\u00eda?&#8221; module_class=&#8221;entradas-texto&#8221; _builder_version=&#8221;3.26.5&#8243; background_enable_image=&#8221;off&#8221; background_last_edited=&#8221;on|phone&#8221; background_image_phone=&#8221;https:\/\/www.corraldelamoreria.com\/wp-content\/uploads\/2019\/10\/quienes_1_mov.jpg&#8221; background_enable_image_phone=&#8221;on&#8221; collapsed=&#8221;off&#8221;][et_pb_row _builder_version=&#8221;3.26.5&#8243;][et_pb_column type=&#8221;4_4&#8243; _builder_version=&#8221;3.26.5&#8243;][et_pb_text _builder_version=&#8221;3.27.4&#8243;]<\/p>\n<h3> <strong> <i> Por que voc\u00ea n\u00e3o deve perder uma noite no Corral de la Morer\u00eda? <\/i> <\/strong> <\/h3>\n<p>Nestes mais de 60 anos de vida, o Corral de la Morer\u00eda se projetou internacionalmente espalhando o melhor flamenco entre centenas de milhares de pessoas de todo o mundo. E isso foi feito mantendo o esp\u00edrito dos neg\u00f3cios da fam\u00edlia, gra\u00e7as \u00e0 figura \u00fanica de <strong> Manuel del Rey <\/strong>, o fundador da tablao.<\/p>\n<p>Vindo de uma fam\u00edlia dedicada \u00e0 alta cozinha, que na \u00e9poca dirigia o famoso restaurante Riscal, ele decidiu dar o salto e iniciar seu pr\u00f3prio neg\u00f3cio, criando a f\u00f3rmula bem-sucedida de combinar o melhor flamenco com um restaurante sofisticado em uma \u00fanica experi\u00eancia. espectro.<\/p>\n<p>Hoje s\u00e3o seus filhos Juan Manuel e Armando, encarregados de administrar a institui\u00e7\u00e3o emblem\u00e1tica, submersos nos \u00faltimos anos em um profundo processo de renova\u00e7\u00e3o que a mant\u00e9m na vanguarda, mantendo intacta a ess\u00eancia que faz o <i> Corral de la Morer\u00eda.[\/et_pb_text][\/et_pb_column][\/et_pb_row][\/et_pb_section][et_pb_section fb_built=&#8221;1&#8243; admin_label=&#8221;\u201cSi algo caracteriza la importante renovaci\u00f3n de Corral de la Morer\u00eda, es sin duda su propuesta gastron\u00f3mica.\u201d&#8221; module_class=&#8221;entradas-texto&#8221; _builder_version=&#8221;3.26.5&#8243; background_color=&#8221;#0D0C0C&#8221;][et_pb_row _builder_version=&#8221;3.26.5&#8243; max_width=&#8221;700px&#8221;][et_pb_column type=&#8221;4_4&#8243; _builder_version=&#8221;3.26.5&#8243;][et_pb_text admin_label=&#8221;Texto&#8221; _builder_version=&#8221;3.27.4&#8243; text_orientation=&#8221;center&#8221; background_layout=&#8221;dark&#8221; text_text_align=&#8221;center&#8221;]<\/p>\n<p style = \"text-align: center;\"> <em> <strong> &#8220;Se alguma coisa caracteriza a importante renova\u00e7\u00e3o do Corral de la Morer\u00eda, \u00e9 sem d\u00favida a sua proposta gastron\u00f4mica.&#8221; <\/strong> <\/em> <\/p>\n<p>[\/et_pb_text][\/et_pb_column][\/et_pb_row][\/et_pb_section][et_pb_section fb_built=&#8221;1&#8243; module_class=&#8221;entradas-texto&#8221; _builder_version=&#8221;3.26.5&#8243; background_enable_image=&#8221;off&#8221; background_last_edited=&#8221;on|phone&#8221; background_image_phone=&#8221;https:\/\/www.corraldelamoreria.com\/wp-content\/uploads\/2019\/10\/quienes_1_mov.jpg&#8221; background_enable_image_phone=&#8221;on&#8221; collapsed=&#8221;off&#8221;][et_pb_row _builder_version=&#8221;3.26.5&#8243;][et_pb_column type=&#8221;4_4&#8243; _builder_version=&#8221;3.26.5&#8243;][et_pb_text _builder_version=&#8221;3.27.4&#8243;]Nos \u00faltimos anos, o tablo teve o conselho e a colabora\u00e7\u00e3o de chefs de renome como <strong> <i> Jos\u00e9 Luis Estevan <\/i> <\/strong> <i> -Lagrimas Negras- <\/i> <strong> <i> Salvador Brugu\u00e9s <\/i> <\/strong> <i> &#8211; especialista mundial em culin\u00e1ria a v\u00e1cuo &#8211; e o confeiteiro <\/i> <strong> <i> Jordi Puigvert <\/i> <\/strong> <i> -Les Cols, Alchemy-, <\/i> que atualizaram e enriqueceram a carta.<\/p>\n<p>Hoje, esse processo de evolu\u00e7\u00e3o atinge seu auge com dois marcos marcantes; a assinatura de <strong> David Garc\u00eda <\/strong> como chef e a abertura do restaurante Corral de la Morer\u00eda.<\/p>\n<p><strong> David Garc\u00eda <\/strong> \u00e9 um defensor franco da horta org\u00e2nica, cultivo controlado e boas mat\u00e9rias-primas. Sua cozinha com ra\u00edzes bascas se destaca por seus caldos, ingredientes e sucos, feitos com produtos naturais de alta qualidade.<\/p>\n<p>Este chef nascido em Bilbau tem uma paix\u00e3o por cozinhar tatuado em seu DNA. Ele nem tinha 18 anos quando come\u00e7ou a aprender o of\u00edcio do fog\u00e3o no restaurante da fam\u00edlia, o Tamisa. Mais tarde, ele se formou na Eide Hotel School em Santurce e, como resultado, treinou com \u00f3timos chefs, como Mart\u00edn Berasategui.<\/p>\n<p>Ele tamb\u00e9m fez um est\u00e1gio no El Bulli e, nos \u00faltimos anos, antes de se mudar para Madri, morou em Ner\u00faa, o restaurante localizado no museu Guggenheim em Bilbau. Em 2014, ele recebeu uma estrela Michelin como chef de cozinha no restaurante \u00c1lbora.<\/p>\n<p>Al\u00e9m disso, o Corral \u00e9 respons\u00e1vel pelo card\u00e1pio do Restaurante Tablao, bem como o criador dos menus de degusta\u00e7\u00e3o oferecidos pelo Restaurante Gast<\/p>\n<p>Voc\u00ea precisa de mais motivos? Adquira seus ingressos agora para o melhor show de flamenco![\/et_pb_text][\/et_pb_column][\/et_pb_row][\/et_pb_section]<\/p>\n","protected":false},"excerpt":{"rendered":"<p>APROVEITE A MELHOR MOSTRA DE FLAMENCO: BILHETES EM MADRID Nesta p\u00e1gina, voc\u00ea pode comprar ingressos para viver uma experi\u00eancia \u00fanica no mundo. Visite o lend\u00e1rio Corral de la Morer\u00eda. \u00c9 o tablao por onde passaram as grandes estrelas do cinema, m\u00fasica, fam\u00edlias reais e presidentes de governo. Aqui voc\u00ea conhecer\u00e1 o melhor do show de [&hellip;]<\/p>\n","protected":false},"author":1,"featured_media":0,"parent":0,"menu_order":0,"comment_status":"closed","ping_status":"closed","template":"p_reservas.php","meta":{"_acf_changed":false,"_et_pb_use_builder":"on","_et_pb_old_content":"","_et_gb_content_width":"","footnotes":""},"class_list":["post-3876","page","type-page","status-publish","hentry"],"acf":[],"yoast_head":"<!-- This site is optimized with the Yoast SEO plugin v27.2 - https:\/\/yoast.com\/product\/yoast-seo-wordpress\/ -->\n<title>Bilhetes Flamenco para desfrutar no melhor tablado do mundo<\/title>\n<meta name=\"description\" content=\"O melhor show de flamenco. Bilhetes aqui para desfrutar de uma noite m\u00e1gica na mais prestigiada tablao da hist\u00f3ria.\" \/>\n<meta name=\"robots\" content=\"index, follow, max-snippet:-1, max-image-preview:large, max-video-preview:-1\" \/>\n<link rel=\"canonical\" href=\"https:\/\/www.corraldelamoreria.com\/pt-pt\/bilhetes\/\" \/>\n<meta property=\"og:locale\" content=\"pt_PT\" \/>\n<meta property=\"og:type\" content=\"article\" \/>\n<meta property=\"og:title\" content=\"Bilhetes Flamenco para desfrutar no melhor tablado do mundo\" \/>\n<meta property=\"og:description\" content=\"O melhor show de flamenco. Bilhetes aqui para desfrutar de uma noite m\u00e1gica na mais prestigiada tablao da hist\u00f3ria.\" \/>\n<meta property=\"og:url\" content=\"https:\/\/www.corraldelamoreria.com\/pt-pt\/bilhetes\/\" \/>\n<meta property=\"og:site_name\" content=\"Corral de la moreria\" \/>\n<meta name=\"twitter:card\" content=\"summary_large_image\" \/>\n<meta name=\"twitter:label1\" content=\"Tempo estimado de leitura\" \/>\n\t<meta name=\"twitter:data1\" content=\"7 minutos\" \/>\n<script type=\"application\/ld+json\" class=\"yoast-schema-graph\">{\"@context\":\"https:\/\/schema.org\",\"@graph\":[{\"@type\":\"WebPage\",\"@id\":\"https:\/\/www.corraldelamoreria.com\/pt-pt\/bilhetes\/\",\"url\":\"https:\/\/www.corraldelamoreria.com\/pt-pt\/bilhetes\/\",\"name\":\"Bilhetes Flamenco para desfrutar no melhor tablado do mundo\",\"isPartOf\":{\"@id\":\"https:\/\/www.corraldelamoreria.com\/#website\"},\"datePublished\":\"2020-05-14T14:41:31+00:00\",\"description\":\"O melhor show de flamenco. Bilhetes aqui para desfrutar de uma noite m\u00e1gica na mais prestigiada tablao da hist\u00f3ria.\",\"breadcrumb\":{\"@id\":\"https:\/\/www.corraldelamoreria.com\/pt-pt\/bilhetes\/#breadcrumb\"},\"inLanguage\":\"pt-PT\",\"potentialAction\":[{\"@type\":\"ReadAction\",\"target\":[\"https:\/\/www.corraldelamoreria.com\/pt-pt\/bilhetes\/\"]}]},{\"@type\":\"BreadcrumbList\",\"@id\":\"https:\/\/www.corraldelamoreria.com\/pt-pt\/bilhetes\/#breadcrumb\",\"itemListElement\":[{\"@type\":\"ListItem\",\"position\":1,\"name\":\"Portada\",\"item\":\"https:\/\/www.corraldelamoreria.com\/pt-pt\/\"},{\"@type\":\"ListItem\",\"position\":2,\"name\":\"Bilhetes\"}]},{\"@type\":\"WebSite\",\"@id\":\"https:\/\/www.corraldelamoreria.com\/#website\",\"url\":\"https:\/\/www.corraldelamoreria.com\/\",\"name\":\"Corral de la moreria\",\"description\":\"El Tablao Flamenco m\u00e1s famoso del mundo\",\"potentialAction\":[{\"@type\":\"SearchAction\",\"target\":{\"@type\":\"EntryPoint\",\"urlTemplate\":\"https:\/\/www.corraldelamoreria.com\/?s={search_term_string}\"},\"query-input\":{\"@type\":\"PropertyValueSpecification\",\"valueRequired\":true,\"valueName\":\"search_term_string\"}}],\"inLanguage\":\"pt-PT\"}]}<\/script>\n<!-- \/ Yoast SEO plugin. -->","yoast_head_json":{"title":"Bilhetes Flamenco para desfrutar no melhor tablado do mundo","description":"O melhor show de flamenco. Bilhetes aqui para desfrutar de uma noite m\u00e1gica na mais prestigiada tablao da hist\u00f3ria.","robots":{"index":"index","follow":"follow","max-snippet":"max-snippet:-1","max-image-preview":"max-image-preview:large","max-video-preview":"max-video-preview:-1"},"canonical":"https:\/\/www.corraldelamoreria.com\/pt-pt\/bilhetes\/","og_locale":"pt_PT","og_type":"article","og_title":"Bilhetes Flamenco para desfrutar no melhor tablado do mundo","og_description":"O melhor show de flamenco. Bilhetes aqui para desfrutar de uma noite m\u00e1gica na mais prestigiada tablao da hist\u00f3ria.","og_url":"https:\/\/www.corraldelamoreria.com\/pt-pt\/bilhetes\/","og_site_name":"Corral de la moreria","twitter_card":"summary_large_image","twitter_misc":{"Tempo estimado de leitura":"7 minutos"},"schema":{"@context":"https:\/\/schema.org","@graph":[{"@type":"WebPage","@id":"https:\/\/www.corraldelamoreria.com\/pt-pt\/bilhetes\/","url":"https:\/\/www.corraldelamoreria.com\/pt-pt\/bilhetes\/","name":"Bilhetes Flamenco para desfrutar no melhor tablado do mundo","isPartOf":{"@id":"https:\/\/www.corraldelamoreria.com\/#website"},"datePublished":"2020-05-14T14:41:31+00:00","description":"O melhor show de flamenco. Bilhetes aqui para desfrutar de uma noite m\u00e1gica na mais prestigiada tablao da hist\u00f3ria.","breadcrumb":{"@id":"https:\/\/www.corraldelamoreria.com\/pt-pt\/bilhetes\/#breadcrumb"},"inLanguage":"pt-PT","potentialAction":[{"@type":"ReadAction","target":["https:\/\/www.corraldelamoreria.com\/pt-pt\/bilhetes\/"]}]},{"@type":"BreadcrumbList","@id":"https:\/\/www.corraldelamoreria.com\/pt-pt\/bilhetes\/#breadcrumb","itemListElement":[{"@type":"ListItem","position":1,"name":"Portada","item":"https:\/\/www.corraldelamoreria.com\/pt-pt\/"},{"@type":"ListItem","position":2,"name":"Bilhetes"}]},{"@type":"WebSite","@id":"https:\/\/www.corraldelamoreria.com\/#website","url":"https:\/\/www.corraldelamoreria.com\/","name":"Corral de la moreria","description":"El Tablao Flamenco m\u00e1s famoso del mundo","potentialAction":[{"@type":"SearchAction","target":{"@type":"EntryPoint","urlTemplate":"https:\/\/www.corraldelamoreria.com\/?s={search_term_string}"},"query-input":{"@type":"PropertyValueSpecification","valueRequired":true,"valueName":"search_term_string"}}],"inLanguage":"pt-PT"}]}},"_links":{"self":[{"href":"https:\/\/www.corraldelamoreria.com\/pt-pt\/wp-json\/wp\/v2\/pages\/3876","targetHints":{"allow":["GET"]}}],"collection":[{"href":"https:\/\/www.corraldelamoreria.com\/pt-pt\/wp-json\/wp\/v2\/pages"}],"about":[{"href":"https:\/\/www.corraldelamoreria.com\/pt-pt\/wp-json\/wp\/v2\/types\/page"}],"author":[{"embeddable":true,"href":"https:\/\/www.corraldelamoreria.com\/pt-pt\/wp-json\/wp\/v2\/users\/1"}],"replies":[{"embeddable":true,"href":"https:\/\/www.corraldelamoreria.com\/pt-pt\/wp-json\/wp\/v2\/comments?post=3876"}],"version-history":[{"count":1,"href":"https:\/\/www.corraldelamoreria.com\/pt-pt\/wp-json\/wp\/v2\/pages\/3876\/revisions"}],"predecessor-version":[{"id":3877,"href":"https:\/\/www.corraldelamoreria.com\/pt-pt\/wp-json\/wp\/v2\/pages\/3876\/revisions\/3877"}],"wp:attachment":[{"href":"https:\/\/www.corraldelamoreria.com\/pt-pt\/wp-json\/wp\/v2\/media?parent=3876"}],"curies":[{"name":"wp","href":"https:\/\/api.w.org\/{rel}","templated":true}]}}